{"id":31,"date":"2025-10-13T18:19:01","date_gmt":"2025-10-13T16:19:01","guid":{"rendered":"https:\/\/www.communion-unite.org\/?page_id=31"},"modified":"2025-10-26T15:37:34","modified_gmt":"2025-10-26T14:37:34","slug":"liens","status":"publish","type":"page","link":"https:\/\/www.communion-unite.org\/en\/liens\/","title":{"rendered":"Links"},"content":{"rendered":"<ul class=\"wp-block-list\">\n<li><a href=\"https:\/\/www.charis.international\/fr\/\">Charis<\/a><\/li>\n\n\n\n<li><a href=\"https:\/\/il.chemin-neuf.org\">Communaut\u00e9 du Chemin neuf en Terre sainte<\/a>, (<a href=\"https:\/\/www.chemin-neuf.fr\/\">France)<\/a>,(<a href=\"https:\/\/www.chemin-neuf.ch\/\">Suisse<\/a>), (<a href=\"https:\/\/www.chemin-neuf.be\/fr\/\">Belgique<\/a>)<\/li>\n\n\n\n<li><a href=\"https:\/\/fr.wikipedia.org\/wiki\/Chr\u00e9tiens_de_Terre_sainte\">Chr\u00e9tiens en Terre sainte, site de Wikipedia<\/a><\/li>\n\n\n\n<li><a href=\"https:\/\/www.cicts.org\/en\">Christian Information Center<\/a> (Informations sur toutes les Eglises de Terre Sainte)<\/li>\n\n\n\n<li><a href=\"https:\/\/j-diocese.org\">Dioc\u00e8se \u00e9piscopal de J\u00e9rusalem<\/a><\/li>\n\n\n\n<li><a href=\"https:\/\/www.ensemblepourleurope.fr\/\">Ensemble pour l\u2019Europe<\/a><\/li>\n\n\n\n<li><a href=\"https:\/\/www.en-chemin-ensemble.org\">En chemin ensemble <\/a><\/li>\n\n\n\n<li><a href=\"https:\/\/www.custodia.org\/fr\/\">Franciscains \u00e0 J\u00e9rusalem et en Terre Sainte<\/a><\/li>\n\n\n\n<li><a href=\"https:\/\/www.focolare-hl.org\/focolare-in-the-holy-land\/\">Focolari en Terre sainte<\/a> (<a href=\"https:\/\/www.focolare.org\/fr\/\">Monde<\/a>)<\/li>\n\n\n\n<li><a href=\"https:\/\/forumchretien.fr\/\">Forum chr\u00e9tien francophone<\/a><\/li>\n\n\n\n<li><a href=\"https:\/\/globalchristianforum.org\">Forum chr\u00e9tien mondial<\/a><\/li>\n\n\n\n<li><a href=\"https:\/\/romandie.forumchretien.org\/\">Forum chr\u00e9tien romand<\/a><\/li>\n\n\n\n<li><a href=\"https:\/\/fraternitepentecote.fr\/\">Fraternit\u00e9 Pentec\u00f4te (Renouveau en France)<\/a><\/li>\n\n\n\n<li><a href=\"https:\/\/www.jc2033.world\/fr\/\">JC2033<\/a>&nbsp;(c\u00e9l\u00e9brer les 2000 ans de la r\u00e9surrection de J\u00e9sus-Christ)<\/li>\n\n\n\n<li><a href=\"http:\/\/www.elcjhl.org\">Luth\u00e9riens en Terre sainte<\/a><\/li>\n\n\n\n<li><a href=\"https:\/\/en.jerusalem-patriarchate.info\/the-holy-land\/the-greek-orthodox-patriarchate-of-jerusalem\/\">Patriarcat grec orthodoxe de J\u00e9rusalem<\/a><\/li>\n\n\n\n<li><a href=\"https:\/\/www.lpj.org\/fr\">Patriarcat latin de J\u00e9rusalem<\/a><\/li>\n\n\n\n<li><a href=\"https:\/\/renouveau.ch\/\">Renouveau charismatique en Suisse romande<\/a><\/li>\n\n\n\n<li><a href=\"https:\/\/reviveisrael.org\/fr-camp-connexion-2024\/\">Revive Isra\u00ebl<\/a><\/li>\n\n\n\n<li><a href=\"https:\/\/www.tikkunglobal.org\/\">Tikkun Global<\/a><\/li>\n\n\n\n<li><a href=\"https:\/\/uniondepriere.fr\/\">Union de Pri\u00e8re de Charmes<\/a><\/li>\n\n\n\n<li><a href=\"https:\/\/biblesocietyinisrael.com\/\">Soci\u00e9t\u00e9 Biblique Isra\u00e9lienne<\/a><\/li>\n\n\n\n<li><a href=\"http:\/\/www.pbs-web.com\/\">Soci\u00e9t\u00e9 Biblique Palestinienne<\/a><\/li>\n\n\n\n<li><a href=\"https:\/\/www.terresainte.net\">Terre Sainte Magazine<\/a><\/li>\n\n\n\n<li><a href=\"https:\/\/www.tjcii.org\/\">Vers un deuxi\u00e8me Concile de J\u00e9rusalem<\/a><\/li>\n<\/ul>\n\n\n\n<p><\/p>\n\n\n\n<p><\/p>\n\n\n\n<p><\/p>\n\n\n\n<p><\/p>\n\n\n\n<p><\/p>","protected":false},"excerpt":{"rendered":"","protected":false},"author":1,"featured_media":0,"parent":0,"menu_order":0,"comment_status":"closed","ping_status":"closed","template":"","meta":{"footnotes":""},"class_list":["post-31","page","type-page","status-publish","hentry"],"yoast_head":"<!-- This site is optimized with the Yoast SEO plugin v27.4 - https:\/\/yoast.com\/product\/yoast-seo-wordpress\/ -->\n<title>Liens - Communion de Pri\u00e8re pour l&#039;Unit\u00e9<\/title>\n<meta name=\"robots\" content=\"index, follow, max-snippet:-1, max-image-preview:large, max-video-preview:-1\" \/>\n<link rel=\"canonical\" href=\"https:\/\/www.communion-unite.org\/en\/liens\/\" \/>\n<meta property=\"og:locale\" content=\"en_GB\" \/>\n<meta property=\"og:type\" content=\"article\" \/>\n<meta property=\"og:title\" content=\"Liens - Communion de Pri\u00e8re pour l&#039;Unit\u00e9\" \/>\n<meta property=\"og:url\" content=\"https:\/\/www.communion-unite.org\/en\/liens\/\" \/>\n<meta property=\"og:site_name\" content=\"Communion de Pri\u00e8re pour l&#039;Unit\u00e9\" \/>\n<meta property=\"article:modified_time\" content=\"2025-10-26T14:37:34+00:00\" \/>\n<meta name=\"twitter:card\" content=\"summary_large_image\" \/>\n<meta name=\"twitter:label1\" content=\"Estimated reading time\" \/>\n\t<meta name=\"twitter:data1\" content=\"1 minute\" \/>\n<script type=\"application\/ld+json\" class=\"yoast-schema-graph\">{\"@context\":\"https:\\\/\\\/schema.org\",\"@graph\":[{\"@type\":\"WebPage\",\"@id\":\"https:\\\/\\\/www.communion-unite.org\\\/liens\\\/\",\"url\":\"https:\\\/\\\/www.communion-unite.org\\\/liens\\\/\",\"name\":\"Liens - Communion de Pri\u00e8re pour l&#039;Unit\u00e9\",\"isPartOf\":{\"@id\":\"https:\\\/\\\/www.communion-unite.org\\\/#website\"},\"datePublished\":\"2025-10-13T16:19:01+00:00\",\"dateModified\":\"2025-10-26T14:37:34+00:00\",\"breadcrumb\":{\"@id\":\"https:\\\/\\\/www.communion-unite.org\\\/liens\\\/#breadcrumb\"},\"inLanguage\":\"en-GB\",\"potentialAction\":[{\"@type\":\"ReadAction\",\"target\":[\"https:\\\/\\\/www.communion-unite.org\\\/liens\\\/\"]}]},{\"@type\":\"BreadcrumbList\",\"@id\":\"https:\\\/\\\/www.communion-unite.org\\\/liens\\\/#breadcrumb\",\"itemListElement\":[{\"@type\":\"ListItem\",\"position\":1,\"name\":\"Accueil\",\"item\":\"https:\\\/\\\/www.communion-unite.org\\\/\"},{\"@type\":\"ListItem\",\"position\":2,\"name\":\"Liens\"}]},{\"@type\":\"WebSite\",\"@id\":\"https:\\\/\\\/www.communion-unite.org\\\/#website\",\"url\":\"https:\\\/\\\/www.communion-unite.org\\\/\",\"name\":\"Communion de Pri\u00e8re pour l'Unit\u00e9\",\"description\":\"\",\"publisher\":{\"@id\":\"https:\\\/\\\/www.communion-unite.org\\\/#organization\"},\"potentialAction\":[{\"@type\":\"SearchAction\",\"target\":{\"@type\":\"EntryPoint\",\"urlTemplate\":\"https:\\\/\\\/www.communion-unite.org\\\/?s={search_term_string}\"},\"query-input\":{\"@type\":\"PropertyValueSpecification\",\"valueRequired\":true,\"valueName\":\"search_term_string\"}}],\"inLanguage\":\"en-GB\"},{\"@type\":\"Organization\",\"@id\":\"https:\\\/\\\/www.communion-unite.org\\\/#organization\",\"name\":\"Communion de Pri\u00e8re pour l'Unit\u00e9\",\"url\":\"https:\\\/\\\/www.communion-unite.org\\\/\",\"logo\":{\"@type\":\"ImageObject\",\"inLanguage\":\"en-GB\",\"@id\":\"https:\\\/\\\/www.communion-unite.org\\\/#\\\/schema\\\/logo\\\/image\\\/\",\"url\":\"https:\\\/\\\/www.communion-unite.org\\\/wp-content\\\/uploads\\\/2025\\\/10\\\/logo-mdj-centered.png\",\"contentUrl\":\"https:\\\/\\\/www.communion-unite.org\\\/wp-content\\\/uploads\\\/2025\\\/10\\\/logo-mdj-centered.png\",\"width\":339,\"height\":339,\"caption\":\"Communion de Pri\u00e8re pour l'Unit\u00e9\"},\"image\":{\"@id\":\"https:\\\/\\\/www.communion-unite.org\\\/#\\\/schema\\\/logo\\\/image\\\/\"}}]}<\/script>\n<!-- \/ Yoast SEO plugin. -->","yoast_head_json":{"title":"Liens - Communion de Pri\u00e8re pour l&#039;Unit\u00e9","robots":{"index":"index","follow":"follow","max-snippet":"max-snippet:-1","max-image-preview":"max-image-preview:large","max-video-preview":"max-video-preview:-1"},"canonical":"https:\/\/www.communion-unite.org\/en\/liens\/","og_locale":"en_GB","og_type":"article","og_title":"Liens - Communion de Pri\u00e8re pour l&#039;Unit\u00e9","og_url":"https:\/\/www.communion-unite.org\/en\/liens\/","og_site_name":"Communion de Pri\u00e8re pour l&#039;Unit\u00e9","article_modified_time":"2025-10-26T14:37:34+00:00","twitter_card":"summary_large_image","twitter_misc":{"Estimated reading time":"1 minute"},"schema":{"@context":"https:\/\/schema.org","@graph":[{"@type":"WebPage","@id":"https:\/\/www.communion-unite.org\/liens\/","url":"https:\/\/www.communion-unite.org\/liens\/","name":"Liens - Communion de Pri\u00e8re pour l&#039;Unit\u00e9","isPartOf":{"@id":"https:\/\/www.communion-unite.org\/#website"},"datePublished":"2025-10-13T16:19:01+00:00","dateModified":"2025-10-26T14:37:34+00:00","breadcrumb":{"@id":"https:\/\/www.communion-unite.org\/liens\/#breadcrumb"},"inLanguage":"en-GB","potentialAction":[{"@type":"ReadAction","target":["https:\/\/www.communion-unite.org\/liens\/"]}]},{"@type":"BreadcrumbList","@id":"https:\/\/www.communion-unite.org\/liens\/#breadcrumb","itemListElement":[{"@type":"ListItem","position":1,"name":"Accueil","item":"https:\/\/www.communion-unite.org\/"},{"@type":"ListItem","position":2,"name":"Liens"}]},{"@type":"WebSite","@id":"https:\/\/www.communion-unite.org\/#website","url":"https:\/\/www.communion-unite.org\/","name":"Communion de Pri\u00e8re pour l'Unit\u00e9","description":"","publisher":{"@id":"https:\/\/www.communion-unite.org\/#organization"},"potentialAction":[{"@type":"SearchAction","target":{"@type":"EntryPoint","urlTemplate":"https:\/\/www.communion-unite.org\/?s={search_term_string}"},"query-input":{"@type":"PropertyValueSpecification","valueRequired":true,"valueName":"search_term_string"}}],"inLanguage":"en-GB"},{"@type":"Organization","@id":"https:\/\/www.communion-unite.org\/#organization","name":"Communion de Pri\u00e8re pour l'Unit\u00e9","url":"https:\/\/www.communion-unite.org\/","logo":{"@type":"ImageObject","inLanguage":"en-GB","@id":"https:\/\/www.communion-unite.org\/#\/schema\/logo\/image\/","url":"https:\/\/www.communion-unite.org\/wp-content\/uploads\/2025\/10\/logo-mdj-centered.png","contentUrl":"https:\/\/www.communion-unite.org\/wp-content\/uploads\/2025\/10\/logo-mdj-centered.png","width":339,"height":339,"caption":"Communion de Pri\u00e8re pour l'Unit\u00e9"},"image":{"@id":"https:\/\/www.communion-unite.org\/#\/schema\/logo\/image\/"}}]}},"_links":{"self":[{"href":"https:\/\/www.communion-unite.org\/en\/wp-json\/wp\/v2\/pages\/31","targetHints":{"allow":["GET"]}}],"collection":[{"href":"https:\/\/www.communion-unite.org\/en\/wp-json\/wp\/v2\/pages"}],"about":[{"href":"https:\/\/www.communion-unite.org\/en\/wp-json\/wp\/v2\/types\/page"}],"author":[{"embeddable":true,"href":"https:\/\/www.communion-unite.org\/en\/wp-json\/wp\/v2\/users\/1"}],"replies":[{"embeddable":true,"href":"https:\/\/www.communion-unite.org\/en\/wp-json\/wp\/v2\/comments?post=31"}],"version-history":[{"count":13,"href":"https:\/\/www.communion-unite.org\/en\/wp-json\/wp\/v2\/pages\/31\/revisions"}],"predecessor-version":[{"id":235,"href":"https:\/\/www.communion-unite.org\/en\/wp-json\/wp\/v2\/pages\/31\/revisions\/235"}],"wp:attachment":[{"href":"https:\/\/www.communion-unite.org\/en\/wp-json\/wp\/v2\/media?parent=31"}],"curies":[{"name":"wp","href":"https:\/\/api.w.org\/{rel}","templated":true}]}}