{"id":29,"date":"2025-10-13T18:18:42","date_gmt":"2025-10-13T16:18:42","guid":{"rendered":"https:\/\/www.communion-unite.org\/?page_id=29"},"modified":"2025-11-08T08:27:58","modified_gmt":"2025-11-08T07:27:58","slug":"montees-de-jerusalem-temoignages","status":"publish","type":"page","link":"https:\/\/www.communion-unite.org\/en\/montees-de-jerusalem-temoignages\/","title":{"rendered":"Testimonials"},"content":{"rendered":"<p><span style=\"text-decoration: underline;\"><strong><a data-type=\"attachment\" data-id=\"105\" href=\"https:\/\/www.communion-unite.org\/wp-content\/uploads\/2025\/10\/temoignage-20190221-fr-45631.pdf\">Que repr\u00e9sentent les Mont\u00e9es pour moi ?<\/a><\/strong><\/span><br>T\u00e9moignage d&rsquo;un jeune arabe chr\u00e9tien, n\u00e9 dans la vieille ville de J\u00e9rusalem et r\u00e9cemment install\u00e9 pr\u00e8s de Bethl\u00e9em. Il voit dans les Mont\u00e9es une b\u00e9n\u00e9diction et une mission : \u00e9largir les horizons vers la justice et devenir, comme Jean-Baptiste, une voix pr\u00e9parant le chemin du Christ.<\/p>\n\n\n\n<p><strong><span style=\"text-decoration: underline;\"><a data-type=\"attachment\" data-id=\"103\" href=\"https:\/\/www.communion-unite.org\/wp-content\/uploads\/2025\/10\/article-sur-montees-que-tous-soient-76813.pdf\">D&rsquo;un reportage \u00e0 un nouveau regard<\/a><\/span><\/strong><br>Laetitia raconte sa d\u00e9couverte des&nbsp;<em>Mont\u00e9es de J\u00e9rusalem<\/em>. Elle y vit conversion, r\u00e9conciliation et communion entre \u00c9glises et peuples, exp\u00e9rience d\u2019amour, d\u2019unit\u00e9 et d\u2019\u00e9coute humble de l\u2019Esprit, source d\u2019esp\u00e9rance vivante.<\/p>\n\n\n\n<p><span style=\"text-decoration: underline;\"><strong><a data-type=\"attachment\" data-id=\"104\" href=\"https:\/\/www.communion-unite.org\/wp-content\/uploads\/2025\/10\/dialoguearticlemartinh2011-15067.pdf\">Les Mont\u00e9es de J\u00e9rusalem : un oecum\u00e9nisme spirituel<\/a><\/strong><\/span><br>De grands rassemblements initiaux \u00e0 un petit noyau, les Mont\u00e9es tissent des liens profonds avec toutes les \u00c9glises de Terre sainte et le mouvement messianique. Elles manifestent, malgr\u00e9 les tensions, l\u2019unit\u00e9 en Christ, signe discret d\u2019esp\u00e9rance. Article de Martin Hoegger<\/p>\n\n\n\n<p><strong><a href=\"https:\/\/www.communion-unite.org\/wp-content\/uploads\/2025\/10\/Les-Montees-de-Jerusalem-article-de-presentation.pdf\">T\u00e9moignage d&rsquo;Antoinette Bremond<\/a><\/strong><\/p>\n\n\n\n<p>La premi\u00e8re Mont\u00e9e en 1984 fut un \u00e9v\u00e9nement proph\u00e9tique. 700 p\u00e8lerins de toutes confessions \u00e9taient l\u00e0. Certains logeaient chez l\u2019habitant &#8211; juif ou arabe.&nbsp;Antoinette Br\u00e9mond t\u00e9moigne que, lors des&nbsp;<em>Mont\u00e9es de J\u00e9rusalem<\/em>, elle a d\u00e9couvert une dimension vivante de l\u2019unit\u00e9 chr\u00e9tienne : non plus th\u00e9orique, mais v\u00e9cue dans la rencontre, la pri\u00e8re et la r\u00e9conciliation entre \u00c9glises.  <\/p>\n\n\n\n<p><strong><a href=\"https:\/\/www.archivioradiovaticana.va\/storico\/2015\/06\/10\/vivre_les_\u201cmont\u00e9es_de_j\u00e9rusalem\u201davec_le_p\u00e8re_de_ghellinck_sj\/fr-1149131\">Vivre les \u201cMont\u00e9es de J\u00e9rusalem\u201davec le P\u00e8re de Ghellinck, sj<\/a><\/strong><\/p>\n\n\n\n<p>Au micro de Radio Vaticanle P\u00e8re de Ghellinck, sj., d\u00e9gage \u00e0 la fois sa mission avec les familles tr\u00e8s pauvres depuis plus de 40 ans et la vocation de ce mouvement qui chaque ann\u00e9e se retrouve \u00e0 J\u00e9rusalem.<\/p>\n\n\n\n<div class=\"wp-block-columns is-layout-flex wp-container-core-columns-is-layout-28f84493 wp-block-columns-is-layout-flex\">\n<div class=\"wp-block-column is-layout-flow wp-block-column-is-layout-flow\" style=\"flex-basis:100%\">\n<div class=\"wp-block-media-text is-stacked-on-mobile\"><figure class=\"wp-block-media-text__media\"><img loading=\"lazy\" decoding=\"async\" width=\"728\" height=\"1024\" src=\"https:\/\/www.communion-unite.org\/wp-content\/uploads\/2025\/11\/IMG_9577-728x1024.jpeg\" alt=\"\" class=\"wp-image-430 size-full\" srcset=\"https:\/\/www.communion-unite.org\/wp-content\/uploads\/2025\/11\/IMG_9577-728x1024.jpeg 728w, https:\/\/www.communion-unite.org\/wp-content\/uploads\/2025\/11\/IMG_9577-213x300.jpeg 213w, https:\/\/www.communion-unite.org\/wp-content\/uploads\/2025\/11\/IMG_9577-768x1080.jpeg 768w, https:\/\/www.communion-unite.org\/wp-content\/uploads\/2025\/11\/IMG_9577.jpeg 1055w\" sizes=\"auto, (max-width: 728px) 100vw, 728px\" \/><\/figure><div class=\"wp-block-media-text__content\">\n<p>Ce livre pr\u00e9sente un recueil de t\u00e9moignages de la premi\u00e8re Mont\u00e9e de J\u00e9rusalem, \u00e0 la Pentec\u00f4te 1984.<\/p>\n\n\n\n<p>Ces pages tr\u00e8s simples nous convient \u00e0 la louange et \u00e0 la pri\u00e8re de J\u00e9sus : \u00ab Que tous soient un, P\u00e8re. \u00bb<\/p>\n\n\n\n<p>\u00c9DITIONS SAINT-PAUL<br>6, rue Cassette \u2013 75006 Paris<\/p>\n<\/div><\/div>\n<\/div>\n<\/div>","protected":false},"excerpt":{"rendered":"<p>Que repr\u00e9sentent les Mont\u00e9es pour moi ?T\u00e9moignage d&rsquo;un jeune arabe chr\u00e9tien, n\u00e9 dans la vieille ville de J\u00e9rusalem et r\u00e9cemment install\u00e9 pr\u00e8s de Bethl\u00e9em. Il voit dans les Mont\u00e9es une b\u00e9n\u00e9diction et une mission : \u00e9largir les horizons vers la justice et devenir, comme Jean-Baptiste, une voix pr\u00e9parant le chemin du Christ. D&rsquo;un reportage \u00e0 [&hellip;]<\/p>\n","protected":false},"author":1,"featured_media":0,"parent":0,"menu_order":0,"comment_status":"closed","ping_status":"closed","template":"","meta":{"footnotes":""},"class_list":["post-29","page","type-page","status-publish","hentry"],"yoast_head":"<!-- This site is optimized with the Yoast SEO plugin v27.4 - https:\/\/yoast.com\/product\/yoast-seo-wordpress\/ -->\n<title>T\u00e9moignages - Communion de Pri\u00e8re pour l&#039;Unit\u00e9<\/title>\n<meta name=\"robots\" content=\"index, follow, max-snippet:-1, max-image-preview:large, max-video-preview:-1\" \/>\n<link rel=\"canonical\" href=\"https:\/\/www.communion-unite.org\/en\/montees-de-jerusalem-temoignages\/\" \/>\n<meta property=\"og:locale\" content=\"en_GB\" \/>\n<meta property=\"og:type\" content=\"article\" \/>\n<meta property=\"og:title\" content=\"T\u00e9moignages - Communion de Pri\u00e8re pour l&#039;Unit\u00e9\" \/>\n<meta property=\"og:description\" content=\"Que repr\u00e9sentent les Mont\u00e9es pour moi ?T\u00e9moignage d&rsquo;un jeune arabe chr\u00e9tien, n\u00e9 dans la vieille ville de J\u00e9rusalem et r\u00e9cemment install\u00e9 pr\u00e8s de Bethl\u00e9em. Il voit dans les Mont\u00e9es une b\u00e9n\u00e9diction et une mission : \u00e9largir les horizons vers la justice et devenir, comme Jean-Baptiste, une voix pr\u00e9parant le chemin du Christ. D&rsquo;un reportage \u00e0 [&hellip;]\" \/>\n<meta property=\"og:url\" content=\"https:\/\/www.communion-unite.org\/en\/montees-de-jerusalem-temoignages\/\" \/>\n<meta property=\"og:site_name\" content=\"Communion de Pri\u00e8re pour l&#039;Unit\u00e9\" \/>\n<meta property=\"article:modified_time\" content=\"2025-11-08T07:27:58+00:00\" \/>\n<meta property=\"og:image\" content=\"https:\/\/www.communion-unite.org\/wp-content\/uploads\/2025\/11\/IMG_9577.jpeg\" \/>\n\t<meta property=\"og:image:width\" content=\"1055\" \/>\n\t<meta property=\"og:image:height\" content=\"1483\" \/>\n\t<meta property=\"og:image:type\" content=\"image\/jpeg\" \/>\n<meta name=\"twitter:card\" content=\"summary_large_image\" \/>\n<meta name=\"twitter:label1\" content=\"Estimated reading time\" \/>\n\t<meta name=\"twitter:data1\" content=\"2 minutes\" \/>\n<script type=\"application\/ld+json\" class=\"yoast-schema-graph\">{\"@context\":\"https:\\\/\\\/schema.org\",\"@graph\":[{\"@type\":\"WebPage\",\"@id\":\"https:\\\/\\\/www.communion-unite.org\\\/montees-de-jerusalem-temoignages\\\/\",\"url\":\"https:\\\/\\\/www.communion-unite.org\\\/montees-de-jerusalem-temoignages\\\/\",\"name\":\"T\u00e9moignages - Communion de Pri\u00e8re pour l&#039;Unit\u00e9\",\"isPartOf\":{\"@id\":\"https:\\\/\\\/www.communion-unite.org\\\/#website\"},\"primaryImageOfPage\":{\"@id\":\"https:\\\/\\\/www.communion-unite.org\\\/montees-de-jerusalem-temoignages\\\/#primaryimage\"},\"image\":{\"@id\":\"https:\\\/\\\/www.communion-unite.org\\\/montees-de-jerusalem-temoignages\\\/#primaryimage\"},\"thumbnailUrl\":\"https:\\\/\\\/www.communion-unite.org\\\/wp-content\\\/uploads\\\/2025\\\/11\\\/IMG_9577-728x1024.jpeg\",\"datePublished\":\"2025-10-13T16:18:42+00:00\",\"dateModified\":\"2025-11-08T07:27:58+00:00\",\"breadcrumb\":{\"@id\":\"https:\\\/\\\/www.communion-unite.org\\\/montees-de-jerusalem-temoignages\\\/#breadcrumb\"},\"inLanguage\":\"en-GB\",\"potentialAction\":[{\"@type\":\"ReadAction\",\"target\":[\"https:\\\/\\\/www.communion-unite.org\\\/montees-de-jerusalem-temoignages\\\/\"]}]},{\"@type\":\"ImageObject\",\"inLanguage\":\"en-GB\",\"@id\":\"https:\\\/\\\/www.communion-unite.org\\\/montees-de-jerusalem-temoignages\\\/#primaryimage\",\"url\":\"https:\\\/\\\/www.communion-unite.org\\\/wp-content\\\/uploads\\\/2025\\\/11\\\/IMG_9577-728x1024.jpeg\",\"contentUrl\":\"https:\\\/\\\/www.communion-unite.org\\\/wp-content\\\/uploads\\\/2025\\\/11\\\/IMG_9577-728x1024.jpeg\"},{\"@type\":\"BreadcrumbList\",\"@id\":\"https:\\\/\\\/www.communion-unite.org\\\/montees-de-jerusalem-temoignages\\\/#breadcrumb\",\"itemListElement\":[{\"@type\":\"ListItem\",\"position\":1,\"name\":\"Accueil\",\"item\":\"https:\\\/\\\/www.communion-unite.org\\\/\"},{\"@type\":\"ListItem\",\"position\":2,\"name\":\"T\u00e9moignages\"}]},{\"@type\":\"WebSite\",\"@id\":\"https:\\\/\\\/www.communion-unite.org\\\/#website\",\"url\":\"https:\\\/\\\/www.communion-unite.org\\\/\",\"name\":\"Communion de Pri\u00e8re pour l'Unit\u00e9\",\"description\":\"\",\"publisher\":{\"@id\":\"https:\\\/\\\/www.communion-unite.org\\\/#organization\"},\"potentialAction\":[{\"@type\":\"SearchAction\",\"target\":{\"@type\":\"EntryPoint\",\"urlTemplate\":\"https:\\\/\\\/www.communion-unite.org\\\/?s={search_term_string}\"},\"query-input\":{\"@type\":\"PropertyValueSpecification\",\"valueRequired\":true,\"valueName\":\"search_term_string\"}}],\"inLanguage\":\"en-GB\"},{\"@type\":\"Organization\",\"@id\":\"https:\\\/\\\/www.communion-unite.org\\\/#organization\",\"name\":\"Communion de Pri\u00e8re pour l'Unit\u00e9\",\"url\":\"https:\\\/\\\/www.communion-unite.org\\\/\",\"logo\":{\"@type\":\"ImageObject\",\"inLanguage\":\"en-GB\",\"@id\":\"https:\\\/\\\/www.communion-unite.org\\\/#\\\/schema\\\/logo\\\/image\\\/\",\"url\":\"https:\\\/\\\/www.communion-unite.org\\\/wp-content\\\/uploads\\\/2025\\\/10\\\/logo-mdj-centered.png\",\"contentUrl\":\"https:\\\/\\\/www.communion-unite.org\\\/wp-content\\\/uploads\\\/2025\\\/10\\\/logo-mdj-centered.png\",\"width\":339,\"height\":339,\"caption\":\"Communion de Pri\u00e8re pour l'Unit\u00e9\"},\"image\":{\"@id\":\"https:\\\/\\\/www.communion-unite.org\\\/#\\\/schema\\\/logo\\\/image\\\/\"}}]}<\/script>\n<!-- \/ Yoast SEO plugin. -->","yoast_head_json":{"title":"T\u00e9moignages - Communion de Pri\u00e8re pour l&#039;Unit\u00e9","robots":{"index":"index","follow":"follow","max-snippet":"max-snippet:-1","max-image-preview":"max-image-preview:large","max-video-preview":"max-video-preview:-1"},"canonical":"https:\/\/www.communion-unite.org\/en\/montees-de-jerusalem-temoignages\/","og_locale":"en_GB","og_type":"article","og_title":"T\u00e9moignages - Communion de Pri\u00e8re pour l&#039;Unit\u00e9","og_description":"Que repr\u00e9sentent les Mont\u00e9es pour moi ?T\u00e9moignage d&rsquo;un jeune arabe chr\u00e9tien, n\u00e9 dans la vieille ville de J\u00e9rusalem et r\u00e9cemment install\u00e9 pr\u00e8s de Bethl\u00e9em. Il voit dans les Mont\u00e9es une b\u00e9n\u00e9diction et une mission : \u00e9largir les horizons vers la justice et devenir, comme Jean-Baptiste, une voix pr\u00e9parant le chemin du Christ. D&rsquo;un reportage \u00e0 [&hellip;]","og_url":"https:\/\/www.communion-unite.org\/en\/montees-de-jerusalem-temoignages\/","og_site_name":"Communion de Pri\u00e8re pour l&#039;Unit\u00e9","article_modified_time":"2025-11-08T07:27:58+00:00","og_image":[{"width":1055,"height":1483,"url":"https:\/\/www.communion-unite.org\/wp-content\/uploads\/2025\/11\/IMG_9577.jpeg","type":"image\/jpeg"}],"twitter_card":"summary_large_image","twitter_misc":{"Estimated reading time":"2 minutes"},"schema":{"@context":"https:\/\/schema.org","@graph":[{"@type":"WebPage","@id":"https:\/\/www.communion-unite.org\/montees-de-jerusalem-temoignages\/","url":"https:\/\/www.communion-unite.org\/montees-de-jerusalem-temoignages\/","name":"T\u00e9moignages - Communion de Pri\u00e8re pour l&#039;Unit\u00e9","isPartOf":{"@id":"https:\/\/www.communion-unite.org\/#website"},"primaryImageOfPage":{"@id":"https:\/\/www.communion-unite.org\/montees-de-jerusalem-temoignages\/#primaryimage"},"image":{"@id":"https:\/\/www.communion-unite.org\/montees-de-jerusalem-temoignages\/#primaryimage"},"thumbnailUrl":"https:\/\/www.communion-unite.org\/wp-content\/uploads\/2025\/11\/IMG_9577-728x1024.jpeg","datePublished":"2025-10-13T16:18:42+00:00","dateModified":"2025-11-08T07:27:58+00:00","breadcrumb":{"@id":"https:\/\/www.communion-unite.org\/montees-de-jerusalem-temoignages\/#breadcrumb"},"inLanguage":"en-GB","potentialAction":[{"@type":"ReadAction","target":["https:\/\/www.communion-unite.org\/montees-de-jerusalem-temoignages\/"]}]},{"@type":"ImageObject","inLanguage":"en-GB","@id":"https:\/\/www.communion-unite.org\/montees-de-jerusalem-temoignages\/#primaryimage","url":"https:\/\/www.communion-unite.org\/wp-content\/uploads\/2025\/11\/IMG_9577-728x1024.jpeg","contentUrl":"https:\/\/www.communion-unite.org\/wp-content\/uploads\/2025\/11\/IMG_9577-728x1024.jpeg"},{"@type":"BreadcrumbList","@id":"https:\/\/www.communion-unite.org\/montees-de-jerusalem-temoignages\/#breadcrumb","itemListElement":[{"@type":"ListItem","position":1,"name":"Accueil","item":"https:\/\/www.communion-unite.org\/"},{"@type":"ListItem","position":2,"name":"T\u00e9moignages"}]},{"@type":"WebSite","@id":"https:\/\/www.communion-unite.org\/#website","url":"https:\/\/www.communion-unite.org\/","name":"Communion de Pri\u00e8re pour l'Unit\u00e9","description":"","publisher":{"@id":"https:\/\/www.communion-unite.org\/#organization"},"potentialAction":[{"@type":"SearchAction","target":{"@type":"EntryPoint","urlTemplate":"https:\/\/www.communion-unite.org\/?s={search_term_string}"},"query-input":{"@type":"PropertyValueSpecification","valueRequired":true,"valueName":"search_term_string"}}],"inLanguage":"en-GB"},{"@type":"Organization","@id":"https:\/\/www.communion-unite.org\/#organization","name":"Communion de Pri\u00e8re pour l'Unit\u00e9","url":"https:\/\/www.communion-unite.org\/","logo":{"@type":"ImageObject","inLanguage":"en-GB","@id":"https:\/\/www.communion-unite.org\/#\/schema\/logo\/image\/","url":"https:\/\/www.communion-unite.org\/wp-content\/uploads\/2025\/10\/logo-mdj-centered.png","contentUrl":"https:\/\/www.communion-unite.org\/wp-content\/uploads\/2025\/10\/logo-mdj-centered.png","width":339,"height":339,"caption":"Communion de Pri\u00e8re pour l'Unit\u00e9"},"image":{"@id":"https:\/\/www.communion-unite.org\/#\/schema\/logo\/image\/"}}]}},"_links":{"self":[{"href":"https:\/\/www.communion-unite.org\/en\/wp-json\/wp\/v2\/pages\/29","targetHints":{"allow":["GET"]}}],"collection":[{"href":"https:\/\/www.communion-unite.org\/en\/wp-json\/wp\/v2\/pages"}],"about":[{"href":"https:\/\/www.communion-unite.org\/en\/wp-json\/wp\/v2\/types\/page"}],"author":[{"embeddable":true,"href":"https:\/\/www.communion-unite.org\/en\/wp-json\/wp\/v2\/users\/1"}],"replies":[{"embeddable":true,"href":"https:\/\/www.communion-unite.org\/en\/wp-json\/wp\/v2\/comments?post=29"}],"version-history":[{"count":8,"href":"https:\/\/www.communion-unite.org\/en\/wp-json\/wp\/v2\/pages\/29\/revisions"}],"predecessor-version":[{"id":451,"href":"https:\/\/www.communion-unite.org\/en\/wp-json\/wp\/v2\/pages\/29\/revisions\/451"}],"wp:attachment":[{"href":"https:\/\/www.communion-unite.org\/en\/wp-json\/wp\/v2\/media?parent=29"}],"curies":[{"name":"wp","href":"https:\/\/api.w.org\/{rel}","templated":true}]}}