{"id":27,"date":"2025-10-13T18:18:24","date_gmt":"2025-10-13T16:18:24","guid":{"rendered":"https:\/\/www.communion-unite.org\/?page_id=27"},"modified":"2025-11-13T14:37:53","modified_gmt":"2025-11-13T13:37:53","slug":"montees-de-jerusalem-lettres-de-nouvelles","status":"publish","type":"page","link":"https:\/\/www.communion-unite.org\/en\/montees-de-jerusalem-lettres-de-nouvelles\/","title":{"rendered":"Lettres de Nouvelles, chroniques et documents"},"content":{"rendered":"<figure class=\"wp-block-image size-large\"><img loading=\"lazy\" decoding=\"async\" width=\"1024\" height=\"500\" src=\"https:\/\/www.communion-unite.org\/wp-content\/uploads\/2025\/10\/Groupe-des-Montees-2015-1024x500.jpeg\" alt=\"\" class=\"wp-image-281\" srcset=\"https:\/\/www.communion-unite.org\/wp-content\/uploads\/2025\/10\/Groupe-des-Montees-2015-1024x500.jpeg 1024w, https:\/\/www.communion-unite.org\/wp-content\/uploads\/2025\/10\/Groupe-des-Montees-2015-300x146.jpeg 300w, https:\/\/www.communion-unite.org\/wp-content\/uploads\/2025\/10\/Groupe-des-Montees-2015-768x375.jpeg 768w, https:\/\/www.communion-unite.org\/wp-content\/uploads\/2025\/10\/Groupe-des-Montees-2015-1536x750.jpeg 1536w, https:\/\/www.communion-unite.org\/wp-content\/uploads\/2025\/10\/Groupe-des-Montees-2015-2048x999.jpeg 2048w\" sizes=\"auto, (max-width: 1024px) 100vw, 1024px\" \/><\/figure>\n\n\n\n<p class=\"has-text-align-center\"><em>La \u00ab\u00a0Mont\u00e9e\u00a0\u00bb de 2015<\/em><\/p>\n\n\n\n<p>Cette page renvoie, par ordre chronologique, \u00e0 tout document qui pourrait vous int\u00e9resser, les plus r\u00e9cents en t\u00eate de liste.<\/p>\n\n\n\n<p>Le Comit\u00e9 International (CI) n\u2019est engag\u00e9 que par les documents qu\u2019il a sign\u00e9s.<\/p>\n\n\n\n<p><span style=\"text-decoration: underline;\"><strong><a data-type=\"attachment\" data-id=\"127\" href=\"https:\/\/www.communion-unite.org\/wp-content\/uploads\/2025\/10\/lettre-nvlles-inter-ci-sept-45047.pdf\">Lettre du Comit\u00e9 International Sept 2023<\/a><\/strong><\/span><\/p>\n\n\n\n<p><strong><span style=\"text-decoration: underline;\"><a data-type=\"attachment\" data-id=\"118\" href=\"https:\/\/www.communion-unite.org\/wp-content\/uploads\/2025\/10\/2023-08-lettre-de-nouvelles-23114.pdf\">Lettre du Comit\u00e9 International Ao\u00fbt 2023<\/a><\/span><\/strong> <\/p>\n\n\n\n<p><strong><a href=\"https:\/\/www.communion-unite.org\/wp-content\/uploads\/2025\/10\/Lettre-2023-janv-fevrier-lien-priere-unite-chretiens.pdf\">Intentions de pri\u00e8re, Janvier-f\u00e9vrier 2023<\/a><\/strong><\/p>\n\n\n\n<p><strong><a href=\"https:\/\/www.communion-unite.org\/wp-content\/uploads\/2025\/11\/Chroniques-de-la-Semaine-de-priere-pour-unite-2023.-Tout.pdf\">Chronique de la semaine de pri\u00e8re pour l\u2019unit\u00e9 des chr\u00e9tiens \u00e0 J\u00e9rusalem, janvier 2023<\/a><\/strong><\/p>\n\n\n\n<p><strong><span style=\"text-decoration: underline;\"><a data-type=\"attachment\" data-id=\"124\" href=\"https:\/\/www.communion-unite.org\/wp-content\/uploads\/2025\/10\/lettre-de-nouvelles-montees-jerusal-52861.pdf\">Lettre du Comit\u00e9 International D\u00e9cembre 2022<\/a><\/span><\/strong><\/p>\n\n\n\n<p><strong><span style=\"text-decoration: underline;\"><a data-type=\"attachment\" data-id=\"123\" href=\"https:\/\/www.communion-unite.org\/wp-content\/uploads\/2025\/10\/lettre-de-nouvelles-mai2022-montees-92869.pdf\">Lettre du Comit\u00e9 International Mai 2022<\/a><\/span><\/strong><\/p>\n\n\n\n<p><strong><span style=\"text-decoration: underline;\"><a data-type=\"attachment\" data-id=\"119\" href=\"https:\/\/www.communion-unite.org\/wp-content\/uploads\/2025\/10\/en-chemin-27568.pdf\">En chemin<\/a><\/span><\/strong> &#8211; Annexe \u00e0 la lettre d&rsquo;Octobre 2021<\/p>\n\n\n\n<p><strong><span style=\"text-decoration: underline;\"><a data-type=\"attachment\" data-id=\"121\" href=\"https:\/\/www.communion-unite.org\/wp-content\/uploads\/2025\/10\/lettre-de-nouvelles-ci-oct-2021-cor-74832.pdf\">Lettre du Comit\u00e9 International Octobre 2021<\/a><\/span><\/strong><\/p>\n\n\n\n<p><strong><a href=\"https:\/\/www.communion-unite.org\/wp-content\/uploads\/2025\/11\/Des-etapes-sur-le-chemin-des-Montees.pdf\">Des \u00e9tapes sur le chemin des Mont\u00e9es <\/a><\/strong>(par Fran\u00e7ois Martin et Michel Catusse)<\/p>\n\n\n\n<p><strong><span style=\"text-decoration: underline;\"><a data-type=\"attachment\" data-id=\"117\" href=\"https:\/\/www.communion-unite.org\/wp-content\/uploads\/2025\/10\/2020-novembre-ldn-mdjci-94695.pdf\">Lettre du Comit\u00e9 International Novembre 2020<\/a><\/span><\/strong><\/p>\n\n\n\n<p><strong><span style=\"text-decoration: underline;\"><a data-type=\"attachment\" data-id=\"116\" href=\"https:\/\/www.communion-unite.org\/wp-content\/uploads\/2025\/10\/2020-mai-ldn-mdj-51200.pdf\">Lettre du Comit\u00e9 International Mai 2020<\/a><\/span><\/strong><\/p>\n\n\n\n<p><strong><span style=\"text-decoration: underline;\"><a data-type=\"attachment\" data-id=\"120\" href=\"https:\/\/www.communion-unite.org\/wp-content\/uploads\/2025\/10\/ldn-ci-sept-2019-79165.pdf\">Lettre du Comit\u00e9 International Septembre 2019<\/a><\/span><\/strong><\/p>\n\n\n\n<p><strong><span style=\"text-decoration: underline;\"><a data-type=\"attachment\" data-id=\"115\" href=\"https:\/\/www.communion-unite.org\/wp-content\/uploads\/2025\/10\/2019-avril-lettre-nvlles-internatio-86831.pdf\">Lettre du Comit\u00e9 international Avril 2019<\/a><\/span><\/strong><\/p>\n\n\n\n<p><strong><a href=\"https:\/\/www.communion-unite.org\/wp-content\/uploads\/2025\/11\/Chronique-semaine-unite-Jerusalem-2019.pdf\">Chronique de la Semaine de pri\u00e8re pour l\u2019unit\u00e9 des chr\u00e9tiens, J\u00e9rusalem \u2013 janvier 2019<\/a><\/strong><\/p>\n\n\n\n<p><strong><span style=\"text-decoration: underline;\"><a data-type=\"attachment\" data-id=\"130\" href=\"https:\/\/www.communion-unite.org\/wp-content\/uploads\/2025\/10\/ln-mdj-oct-18-v1-doc-52975.pdf\">Lettre du Comit\u00e9 international Octobre 2018<\/a><\/span><\/strong><\/p>\n\n\n\n<p><strong><span style=\"text-decoration: underline;\"><a data-type=\"attachment\" data-id=\"129\" href=\"https:\/\/www.communion-unite.org\/wp-content\/uploads\/2025\/10\/ln-mdj-juil-18-c-29327.pdf\">Lettre du Comit\u00e9 international Juillet 2018<\/a><\/span><\/strong><\/p>\n\n\n\n<p><strong><span style=\"text-decoration: underline;\"><a data-type=\"attachment\" data-id=\"126\" href=\"https:\/\/www.communion-unite.org\/wp-content\/uploads\/2025\/10\/lettre-nouvelles-ci-mars18-54648.pdf\">Lettre du Comit\u00e9 international Mars 2018<\/a><\/span><\/strong><\/p>\n\n\n\n<p><strong><span style=\"text-decoration: underline;\"><a data-type=\"attachment\" data-id=\"128\" href=\"https:\/\/www.communion-unite.org\/wp-content\/uploads\/2025\/10\/ln-ci-monteesjerusalem-dec-17-29184.pdf\">Lettre du Comit\u00e9 international D\u00e9cembre 2017<\/a><\/span><\/strong><\/p>\n\n\n\n<p><strong><span style=\"text-decoration: underline;\"><a data-type=\"attachment\" data-id=\"125\" href=\"https:\/\/www.communion-unite.org\/wp-content\/uploads\/2025\/10\/lettre-de-nouvelles-oct-2017-32596.pdf\">Lettre du Comit\u00e9 international Octobre 2017<\/a><\/span><\/strong><\/p>\n\n\n\n<p><strong><span style=\"text-decoration: underline;\"><a data-type=\"attachment\" data-id=\"114\" href=\"https:\/\/www.communion-unite.org\/wp-content\/uploads\/2025\/10\/2017-mars-ldn-mdj-france-red-cor-17333.pdf\">Lettre du Comit\u00e9 fran\u00e7ais mars 2017<\/a><\/span><\/strong><\/p>\n\n\n\n<p><strong><span style=\"text-decoration: underline;\"><a data-type=\"attachment\" data-id=\"122\" href=\"https:\/\/www.communion-unite.org\/wp-content\/uploads\/2025\/10\/lettre-de-nouvellesjanv-2017-cor-re-42456.pdf\">Lettre du Comit\u00e9 international Janvier 2017<\/a><\/span><\/strong><\/p>\n\n\n\n<p><strong><a href=\"https:\/\/www.communion-unite.org\/wp-content\/uploads\/2025\/10\/Montees.-Analyse-2016.01.pdf\">Analyse de la participation \u00e0 la Semaine de pri\u00e8re pour l&rsquo;unit\u00e9 \u00e0 J\u00e9rusalem, janvier 2017<\/a><\/strong><\/p>\n\n\n\n<p><strong><a href=\"https:\/\/www.communion-unite.org\/wp-content\/uploads\/2025\/11\/Lettre-Montees-2016-04.pdf\">Lettre du Comit\u00e9 international, Avril 2016<\/a><\/strong><\/p>\n\n\n\n<p><strong><a href=\"https:\/\/www.communion-unite.org\/wp-content\/uploads\/2025\/11\/Bilan-sejour-MDJ-Janvier-2016-MC.pdf\">Analyse sur le s\u00e9jour \u00e0 J\u00e9rusalem durant la semaine de l&rsquo;unit\u00e9 2016, par M. Catusse<\/a><\/strong><\/p>\n\n\n\n<p><strong><a href=\"https:\/\/www.communion-unite.org\/wp-content\/uploads\/2025\/10\/semaine-unite-Jerusalem-2016.pdf\">Chronique de la Semaine de pri\u00e8re pour l\u2019unit\u00e9 des chr\u00e9tiens, janvier 2016<\/a><\/strong><\/p>\n\n\n\n<p><strong><a href=\"https:\/\/www.communion-unite.org\/wp-content\/uploads\/2025\/10\/Chronique-de-la-Montee-2015.pdf\">Lettre du Comit\u00e9 international Septembre 2015<\/a><\/strong><\/p>\n\n\n\n<p><strong><a href=\"https:\/\/www.communion-unite.org\/wp-content\/uploads\/2025\/10\/Lettre-2013-09.pdf\">Lettre du Comit\u00e9 international Septembre 2013<\/a><\/strong><\/p>\n\n\n\n<p><strong><a href=\"https:\/\/www.communion-unite.org\/wp-content\/uploads\/2025\/11\/Lettre-Montees-2012.pdf\">Lettre du Comit\u00e9 international, Novembre 2012<\/a><\/strong><\/p>\n\n\n\n<p><strong><a href=\"https:\/\/www.communion-unite.org\/wp-content\/uploads\/2025\/10\/La-semaine-de-lunite-a-Jerusalem.-Tout-reduit.pdf\">Nouvelles de la participation \u00e0 la semaine de pri\u00e8re pour l&rsquo;unit\u00e9, janvier 2012<\/a><\/strong><\/p>\n\n\n\n<p><strong><a href=\"https:\/\/www.communion-unite.org\/wp-content\/uploads\/2025\/10\/Nouvelles-des-Montees-de-Jerusalem-1-6.pdf\">Nouvelles des Mont\u00e9es de J\u00e9rusalem, Pentec\u00f4te 2011<\/a><\/strong><\/p>\n\n\n\n<p><strong><a href=\"https:\/\/www.communion-unite.org\/wp-content\/uploads\/2025\/10\/Semaine-unite-2011.pdf\">Nouvelles de la participation \u00e0 la semaine de pri\u00e8re pour l&rsquo;unit\u00e9 \u00e0 J\u00e9rusalem, janvier 2011<\/a><\/strong><\/p>\n\n\n\n<p><strong><a href=\"https:\/\/www.communion-unite.org\/wp-content\/uploads\/2025\/10\/Lettre-2009-juin.pdf\">Lettre du Comit\u00e9 international Juin 2009<\/a><\/strong><\/p>\n\n\n\n<p><\/p>","protected":false},"excerpt":{"rendered":"<p>La \u00ab\u00a0Mont\u00e9e\u00a0\u00bb de 2015 Cette page renvoie, par ordre chronologique, \u00e0 tout document qui pourrait vous int\u00e9resser, les plus r\u00e9cents en t\u00eate de liste. Le Comit\u00e9 International (CI) n\u2019est engag\u00e9 que par les documents qu\u2019il a sign\u00e9s. Lettre du Comit\u00e9 International Sept 2023 Lettre du Comit\u00e9 International Ao\u00fbt 2023 Intentions de pri\u00e8re, Janvier-f\u00e9vrier 2023 Chronique [&hellip;]<\/p>\n","protected":false},"author":1,"featured_media":0,"parent":0,"menu_order":0,"comment_status":"closed","ping_status":"closed","template":"","meta":{"footnotes":""},"class_list":["post-27","page","type-page","status-publish","hentry"],"yoast_head":"<!-- This site is optimized with the Yoast SEO plugin v27.4 - https:\/\/yoast.com\/product\/yoast-seo-wordpress\/ -->\n<title>Lettres de Nouvelles, chroniques et documents - Communion de Pri\u00e8re pour l&#039;Unit\u00e9<\/title>\n<meta name=\"robots\" content=\"index, follow, max-snippet:-1, max-image-preview:large, max-video-preview:-1\" \/>\n<link rel=\"canonical\" href=\"https:\/\/www.communion-unite.org\/en\/montees-de-jerusalem-lettres-de-nouvelles\/\" \/>\n<meta property=\"og:locale\" content=\"en_GB\" \/>\n<meta property=\"og:type\" content=\"article\" \/>\n<meta property=\"og:title\" content=\"Lettres de Nouvelles, chroniques et documents - Communion de Pri\u00e8re pour l&#039;Unit\u00e9\" \/>\n<meta property=\"og:description\" content=\"La \u00ab\u00a0Mont\u00e9e\u00a0\u00bb de 2015 Cette page renvoie, par ordre chronologique, \u00e0 tout document qui pourrait vous int\u00e9resser, les plus r\u00e9cents en t\u00eate de liste. Le Comit\u00e9 International (CI) n\u2019est engag\u00e9 que par les documents qu\u2019il a sign\u00e9s. Lettre du Comit\u00e9 International Sept 2023 Lettre du Comit\u00e9 International Ao\u00fbt 2023 Intentions de pri\u00e8re, Janvier-f\u00e9vrier 2023 Chronique [&hellip;]\" \/>\n<meta property=\"og:url\" content=\"https:\/\/www.communion-unite.org\/en\/montees-de-jerusalem-lettres-de-nouvelles\/\" \/>\n<meta property=\"og:site_name\" content=\"Communion de Pri\u00e8re pour l&#039;Unit\u00e9\" \/>\n<meta property=\"article:modified_time\" content=\"2025-11-13T13:37:53+00:00\" \/>\n<meta property=\"og:image\" content=\"https:\/\/www.communion-unite.org\/wp-content\/uploads\/2025\/10\/Groupe-des-Montees-2015-scaled.jpeg\" \/>\n\t<meta property=\"og:image:width\" content=\"2560\" \/>\n\t<meta property=\"og:image:height\" content=\"1249\" \/>\n\t<meta property=\"og:image:type\" content=\"image\/jpeg\" \/>\n<meta name=\"twitter:card\" content=\"summary_large_image\" \/>\n<meta name=\"twitter:label1\" content=\"Estimated reading time\" \/>\n\t<meta name=\"twitter:data1\" content=\"2 minutes\" \/>\n<script type=\"application\/ld+json\" class=\"yoast-schema-graph\">{\"@context\":\"https:\\\/\\\/schema.org\",\"@graph\":[{\"@type\":\"WebPage\",\"@id\":\"https:\\\/\\\/www.communion-unite.org\\\/montees-de-jerusalem-lettres-de-nouvelles\\\/\",\"url\":\"https:\\\/\\\/www.communion-unite.org\\\/montees-de-jerusalem-lettres-de-nouvelles\\\/\",\"name\":\"Lettres de Nouvelles, chroniques et documents - Communion de Pri\u00e8re pour l&#039;Unit\u00e9\",\"isPartOf\":{\"@id\":\"https:\\\/\\\/www.communion-unite.org\\\/#website\"},\"primaryImageOfPage\":{\"@id\":\"https:\\\/\\\/www.communion-unite.org\\\/montees-de-jerusalem-lettres-de-nouvelles\\\/#primaryimage\"},\"image\":{\"@id\":\"https:\\\/\\\/www.communion-unite.org\\\/montees-de-jerusalem-lettres-de-nouvelles\\\/#primaryimage\"},\"thumbnailUrl\":\"https:\\\/\\\/www.communion-unite.org\\\/wp-content\\\/uploads\\\/2025\\\/10\\\/Groupe-des-Montees-2015-1024x500.jpeg\",\"datePublished\":\"2025-10-13T16:18:24+00:00\",\"dateModified\":\"2025-11-13T13:37:53+00:00\",\"breadcrumb\":{\"@id\":\"https:\\\/\\\/www.communion-unite.org\\\/montees-de-jerusalem-lettres-de-nouvelles\\\/#breadcrumb\"},\"inLanguage\":\"en-GB\",\"potentialAction\":[{\"@type\":\"ReadAction\",\"target\":[\"https:\\\/\\\/www.communion-unite.org\\\/montees-de-jerusalem-lettres-de-nouvelles\\\/\"]}]},{\"@type\":\"ImageObject\",\"inLanguage\":\"en-GB\",\"@id\":\"https:\\\/\\\/www.communion-unite.org\\\/montees-de-jerusalem-lettres-de-nouvelles\\\/#primaryimage\",\"url\":\"https:\\\/\\\/www.communion-unite.org\\\/wp-content\\\/uploads\\\/2025\\\/10\\\/Groupe-des-Montees-2015-1024x500.jpeg\",\"contentUrl\":\"https:\\\/\\\/www.communion-unite.org\\\/wp-content\\\/uploads\\\/2025\\\/10\\\/Groupe-des-Montees-2015-1024x500.jpeg\"},{\"@type\":\"BreadcrumbList\",\"@id\":\"https:\\\/\\\/www.communion-unite.org\\\/montees-de-jerusalem-lettres-de-nouvelles\\\/#breadcrumb\",\"itemListElement\":[{\"@type\":\"ListItem\",\"position\":1,\"name\":\"Accueil\",\"item\":\"https:\\\/\\\/www.communion-unite.org\\\/\"},{\"@type\":\"ListItem\",\"position\":2,\"name\":\"Lettres de Nouvelles, chroniques et documents\"}]},{\"@type\":\"WebSite\",\"@id\":\"https:\\\/\\\/www.communion-unite.org\\\/#website\",\"url\":\"https:\\\/\\\/www.communion-unite.org\\\/\",\"name\":\"Communion de Pri\u00e8re pour l'Unit\u00e9\",\"description\":\"\",\"publisher\":{\"@id\":\"https:\\\/\\\/www.communion-unite.org\\\/#organization\"},\"potentialAction\":[{\"@type\":\"SearchAction\",\"target\":{\"@type\":\"EntryPoint\",\"urlTemplate\":\"https:\\\/\\\/www.communion-unite.org\\\/?s={search_term_string}\"},\"query-input\":{\"@type\":\"PropertyValueSpecification\",\"valueRequired\":true,\"valueName\":\"search_term_string\"}}],\"inLanguage\":\"en-GB\"},{\"@type\":\"Organization\",\"@id\":\"https:\\\/\\\/www.communion-unite.org\\\/#organization\",\"name\":\"Communion de Pri\u00e8re pour l'Unit\u00e9\",\"url\":\"https:\\\/\\\/www.communion-unite.org\\\/\",\"logo\":{\"@type\":\"ImageObject\",\"inLanguage\":\"en-GB\",\"@id\":\"https:\\\/\\\/www.communion-unite.org\\\/#\\\/schema\\\/logo\\\/image\\\/\",\"url\":\"https:\\\/\\\/www.communion-unite.org\\\/wp-content\\\/uploads\\\/2025\\\/10\\\/logo-mdj-centered.png\",\"contentUrl\":\"https:\\\/\\\/www.communion-unite.org\\\/wp-content\\\/uploads\\\/2025\\\/10\\\/logo-mdj-centered.png\",\"width\":339,\"height\":339,\"caption\":\"Communion de Pri\u00e8re pour l'Unit\u00e9\"},\"image\":{\"@id\":\"https:\\\/\\\/www.communion-unite.org\\\/#\\\/schema\\\/logo\\\/image\\\/\"}}]}<\/script>\n<!-- \/ Yoast SEO plugin. -->","yoast_head_json":{"title":"Lettres de Nouvelles, chroniques et documents - Communion de Pri\u00e8re pour l&#039;Unit\u00e9","robots":{"index":"index","follow":"follow","max-snippet":"max-snippet:-1","max-image-preview":"max-image-preview:large","max-video-preview":"max-video-preview:-1"},"canonical":"https:\/\/www.communion-unite.org\/en\/montees-de-jerusalem-lettres-de-nouvelles\/","og_locale":"en_GB","og_type":"article","og_title":"Lettres de Nouvelles, chroniques et documents - Communion de Pri\u00e8re pour l&#039;Unit\u00e9","og_description":"La \u00ab\u00a0Mont\u00e9e\u00a0\u00bb de 2015 Cette page renvoie, par ordre chronologique, \u00e0 tout document qui pourrait vous int\u00e9resser, les plus r\u00e9cents en t\u00eate de liste. Le Comit\u00e9 International (CI) n\u2019est engag\u00e9 que par les documents qu\u2019il a sign\u00e9s. Lettre du Comit\u00e9 International Sept 2023 Lettre du Comit\u00e9 International Ao\u00fbt 2023 Intentions de pri\u00e8re, Janvier-f\u00e9vrier 2023 Chronique [&hellip;]","og_url":"https:\/\/www.communion-unite.org\/en\/montees-de-jerusalem-lettres-de-nouvelles\/","og_site_name":"Communion de Pri\u00e8re pour l&#039;Unit\u00e9","article_modified_time":"2025-11-13T13:37:53+00:00","og_image":[{"width":2560,"height":1249,"url":"https:\/\/www.communion-unite.org\/wp-content\/uploads\/2025\/10\/Groupe-des-Montees-2015-scaled.jpeg","type":"image\/jpeg"}],"twitter_card":"summary_large_image","twitter_misc":{"Estimated reading time":"2 minutes"},"schema":{"@context":"https:\/\/schema.org","@graph":[{"@type":"WebPage","@id":"https:\/\/www.communion-unite.org\/montees-de-jerusalem-lettres-de-nouvelles\/","url":"https:\/\/www.communion-unite.org\/montees-de-jerusalem-lettres-de-nouvelles\/","name":"Lettres de Nouvelles, chroniques et documents - Communion de Pri\u00e8re pour l&#039;Unit\u00e9","isPartOf":{"@id":"https:\/\/www.communion-unite.org\/#website"},"primaryImageOfPage":{"@id":"https:\/\/www.communion-unite.org\/montees-de-jerusalem-lettres-de-nouvelles\/#primaryimage"},"image":{"@id":"https:\/\/www.communion-unite.org\/montees-de-jerusalem-lettres-de-nouvelles\/#primaryimage"},"thumbnailUrl":"https:\/\/www.communion-unite.org\/wp-content\/uploads\/2025\/10\/Groupe-des-Montees-2015-1024x500.jpeg","datePublished":"2025-10-13T16:18:24+00:00","dateModified":"2025-11-13T13:37:53+00:00","breadcrumb":{"@id":"https:\/\/www.communion-unite.org\/montees-de-jerusalem-lettres-de-nouvelles\/#breadcrumb"},"inLanguage":"en-GB","potentialAction":[{"@type":"ReadAction","target":["https:\/\/www.communion-unite.org\/montees-de-jerusalem-lettres-de-nouvelles\/"]}]},{"@type":"ImageObject","inLanguage":"en-GB","@id":"https:\/\/www.communion-unite.org\/montees-de-jerusalem-lettres-de-nouvelles\/#primaryimage","url":"https:\/\/www.communion-unite.org\/wp-content\/uploads\/2025\/10\/Groupe-des-Montees-2015-1024x500.jpeg","contentUrl":"https:\/\/www.communion-unite.org\/wp-content\/uploads\/2025\/10\/Groupe-des-Montees-2015-1024x500.jpeg"},{"@type":"BreadcrumbList","@id":"https:\/\/www.communion-unite.org\/montees-de-jerusalem-lettres-de-nouvelles\/#breadcrumb","itemListElement":[{"@type":"ListItem","position":1,"name":"Accueil","item":"https:\/\/www.communion-unite.org\/"},{"@type":"ListItem","position":2,"name":"Lettres de Nouvelles, chroniques et documents"}]},{"@type":"WebSite","@id":"https:\/\/www.communion-unite.org\/#website","url":"https:\/\/www.communion-unite.org\/","name":"Communion de Pri\u00e8re pour l'Unit\u00e9","description":"","publisher":{"@id":"https:\/\/www.communion-unite.org\/#organization"},"potentialAction":[{"@type":"SearchAction","target":{"@type":"EntryPoint","urlTemplate":"https:\/\/www.communion-unite.org\/?s={search_term_string}"},"query-input":{"@type":"PropertyValueSpecification","valueRequired":true,"valueName":"search_term_string"}}],"inLanguage":"en-GB"},{"@type":"Organization","@id":"https:\/\/www.communion-unite.org\/#organization","name":"Communion de Pri\u00e8re pour l'Unit\u00e9","url":"https:\/\/www.communion-unite.org\/","logo":{"@type":"ImageObject","inLanguage":"en-GB","@id":"https:\/\/www.communion-unite.org\/#\/schema\/logo\/image\/","url":"https:\/\/www.communion-unite.org\/wp-content\/uploads\/2025\/10\/logo-mdj-centered.png","contentUrl":"https:\/\/www.communion-unite.org\/wp-content\/uploads\/2025\/10\/logo-mdj-centered.png","width":339,"height":339,"caption":"Communion de Pri\u00e8re pour l'Unit\u00e9"},"image":{"@id":"https:\/\/www.communion-unite.org\/#\/schema\/logo\/image\/"}}]}},"_links":{"self":[{"href":"https:\/\/www.communion-unite.org\/en\/wp-json\/wp\/v2\/pages\/27","targetHints":{"allow":["GET"]}}],"collection":[{"href":"https:\/\/www.communion-unite.org\/en\/wp-json\/wp\/v2\/pages"}],"about":[{"href":"https:\/\/www.communion-unite.org\/en\/wp-json\/wp\/v2\/types\/page"}],"author":[{"embeddable":true,"href":"https:\/\/www.communion-unite.org\/en\/wp-json\/wp\/v2\/users\/1"}],"replies":[{"embeddable":true,"href":"https:\/\/www.communion-unite.org\/en\/wp-json\/wp\/v2\/comments?post=27"}],"version-history":[{"count":36,"href":"https:\/\/www.communion-unite.org\/en\/wp-json\/wp\/v2\/pages\/27\/revisions"}],"predecessor-version":[{"id":477,"href":"https:\/\/www.communion-unite.org\/en\/wp-json\/wp\/v2\/pages\/27\/revisions\/477"}],"wp:attachment":[{"href":"https:\/\/www.communion-unite.org\/en\/wp-json\/wp\/v2\/media?parent=27"}],"curies":[{"name":"wp","href":"https:\/\/api.w.org\/{rel}","templated":true}]}}