{"id":25,"date":"2025-10-13T18:17:36","date_gmt":"2025-10-13T16:17:36","guid":{"rendered":"https:\/\/www.communion-unite.org\/?page_id=25"},"modified":"2025-12-14T23:37:59","modified_gmt":"2025-12-14T22:37:59","slug":"montees-de-jerusalem-qui-sont-elles","status":"publish","type":"page","link":"https:\/\/www.communion-unite.org\/en\/montees-de-jerusalem-qui-sont-elles\/","title":{"rendered":"Que sont les Mont\u00e9es de J\u00e9rusalem?"},"content":{"rendered":"<figure class=\"wp-block-image size-large\"><img loading=\"lazy\" decoding=\"async\" width=\"1024\" height=\"362\" src=\"https:\/\/www.communion-unite.org\/wp-content\/uploads\/2025\/11\/Image-Montees-Jerusalem-1024x362.jpg\" alt=\"\" class=\"wp-image-382\" srcset=\"https:\/\/www.communion-unite.org\/wp-content\/uploads\/2025\/11\/Image-Montees-Jerusalem-1024x362.jpg 1024w, https:\/\/www.communion-unite.org\/wp-content\/uploads\/2025\/11\/Image-Montees-Jerusalem-300x106.jpg 300w, https:\/\/www.communion-unite.org\/wp-content\/uploads\/2025\/11\/Image-Montees-Jerusalem-768x271.jpg 768w, https:\/\/www.communion-unite.org\/wp-content\/uploads\/2025\/11\/Image-Montees-Jerusalem-1536x543.jpg 1536w, https:\/\/www.communion-unite.org\/wp-content\/uploads\/2025\/11\/Image-Montees-Jerusalem-2048x724.jpg 2048w\" sizes=\"auto, (max-width: 1024px) 100vw, 1024px\" \/><\/figure>\n\n\n\n<p>Les \u00ab&nbsp;Mont\u00e9es de J\u00e9rusalem&nbsp;\u00bb ont rassembl\u00e9 depuis 1984 des croyants catholiques, \u00e9vang\u00e9liques, protestants, orthodoxes ou d\u2019autres appartenances, d\u2019Europe et d\u2019ailleurs, pour \u00eatre envoy\u00e9s par leurs paroisses, communaut\u00e9s, groupes de pri\u00e8re, \u2026 rencontrer leurs fr\u00e8res et s\u0153urs d\u2019Isra\u00ebl et des Territoires Palestiniens.<\/p>\n\n\n\n<p>Les premi\u00e8res Mont\u00e9es ont eu lieu \u00e0 la Pentec\u00f4te 1984,&nbsp;<a data-type=\"attachment\" data-id=\"101\" href=\"https:\/\/www.communion-unite.org\/wp-content\/uploads\/2025\/10\/origines-25823.pdf\">sous l\u2019impulsion du pasteur Thomas Roberts<\/a>. Elles se sont rendues en Terre sainte, presque chaque ann\u00e9e, en particulier durant la p\u00e9riode de Pentec\u00f4te.<\/p>\n\n\n\n<p>Elles ont cess\u00e9 leur activit\u00e9 en 2024, apr\u00e8s 40 ans d\u2019existence, mais la \u00ab&nbsp;Communion de pri\u00e8re pour l\u2019unit\u00e9&nbsp;\u00bb continue son chemin en rassemblant des chr\u00e9tiens de diff\u00e9rents horizons.<\/p>\n\n\n\n<p>Il ne s\u2019agissait pas de visiter les \u00ab pierres&nbsp;anciennes \u00bb des lieux saints, mais de prier avec les \u00ab&nbsp;pierres vivantes&nbsp;\u00bb de l\u2019\u00c9glise actuelle, l\u00e0 o\u00f9 elle est n\u00e9e il y a 2000 ans dans son unit\u00e9 et sa diversit\u00e9. <\/p>\n\n\n\n<p>Ainsi, en rencontrant des croyants de toutes d\u00e9nominations et \u00e9galement des juifs qui ont rencontr\u00e9 <em>Yeshoua<\/em> (J\u00e9sus en h\u00e9breu) comme leur Messie, les \u00ab&nbsp;Mont\u00e9es de J\u00e9rusalem&nbsp;\u00bb ont eu \u00e0 c\u0153ur de prolonger avec eux Sa pri\u00e8re&nbsp;:&nbsp;<em>\u00ab Que tous soient un comme toi, P\u00e8re, tu es en moi et que je suis en toi, qu\u2019ils soient en nous eux aussi, afin que le monde croie&nbsp;que Tu m\u2019as envoy\u00e9.&nbsp;\u00bb (Jean 17,21)<\/em>.&nbsp;<\/p>\n\n\n\n<p>Pour plus de d\u00e9tails voir aussi&nbsp;<a href=\"https:\/\/www.communion-unite.org\/wp-content\/uploads\/2025\/10\/qui-sommes-nous-corpc-jd2-57949.pdf\" data-type=\"attachment\" data-id=\"100\">ce document<\/a>.<\/p>\n\n\n\n<p><a href=\"https:\/\/www.communion-unite.org\/en\/montees-de-jerusalem-lettres-de-nouvelles\/\">Archives des Documents et des Lettres de nouvelles des Mont\u00e9es de J\u00e9rusalem<\/a><\/p>\n\n\n\n<p><a href=\"https:\/\/www.communion-unite.org\/en\/montees-de-jerusalem-temoignages\/\">Quelques t\u00e9moignages<\/a><\/p>\n\n\n\n<div class=\"wp-block-columns is-layout-flex wp-container-core-columns-is-layout-28f84493 wp-block-columns-is-layout-flex\">\n<div class=\"wp-block-column is-layout-flow wp-block-column-is-layout-flow\" style=\"flex-basis:100%\">\n<div class=\"wp-block-media-text is-stacked-on-mobile\"><figure class=\"wp-block-media-text__media\"><img loading=\"lazy\" decoding=\"async\" width=\"728\" height=\"1024\" src=\"https:\/\/www.communion-unite.org\/wp-content\/uploads\/2025\/11\/IMG_9577-728x1024.jpeg\" alt=\"\" class=\"wp-image-430 size-full\" srcset=\"https:\/\/www.communion-unite.org\/wp-content\/uploads\/2025\/11\/IMG_9577-728x1024.jpeg 728w, https:\/\/www.communion-unite.org\/wp-content\/uploads\/2025\/11\/IMG_9577-213x300.jpeg 213w, https:\/\/www.communion-unite.org\/wp-content\/uploads\/2025\/11\/IMG_9577-768x1080.jpeg 768w, https:\/\/www.communion-unite.org\/wp-content\/uploads\/2025\/11\/IMG_9577.jpeg 1055w\" sizes=\"auto, (max-width: 728px) 100vw, 728px\" \/><\/figure><div class=\"wp-block-media-text__content\">\n<p>Ce livre pr\u00e9sente un recueil de t\u00e9moignages de la premi\u00e8re Mont\u00e9e de J\u00e9rusalem, \u00e0 la Pentec\u00f4te 1984.<\/p>\n\n\n\n<p>Ces pages tr\u00e8s simples nous convient \u00e0 la louange et \u00e0 la pri\u00e8re de J\u00e9sus : \u00ab Que tous soient un, P\u00e8re. \u00bb<\/p>\n\n\n\n<p>\u00c9DITIONS SAINT-PAUL<br>6, rue Cassette \u2013 75006 Paris<\/p>\n<\/div><\/div>\n<\/div>\n<\/div>\n\n\n\n<h1 class=\"wp-block-heading\">La Communion de pri\u00e8re pour l\u2019unit\u00e9<\/h1>\n\n\n\n<p><strong>La communion de pri\u00e8re pour l\u2019unit\u00e9 \u2026<\/strong><\/p>\n\n\n\n<p>\u2026est une d\u00e9marche interconfessionnelle de pri\u00e8re pour l\u2019unit\u00e9 des croyants en J\u00e9sus le Christ. Elle rassemble tout au long de l\u2019ann\u00e9e, des personnes qui ont \u00e0 c\u0153ur un rapprochement des membres des diff\u00e9rentes \u00c9glises.<\/p>\n\n\n\n<p>Le but est d\u2019\u0153uvrer pour l\u2019unit\u00e9 du Corps du Christ par des liens d\u2019amour fraternel en et par J\u00e9sus-Christ. La Communion de pri\u00e8re pour l\u2019unit\u00e9 est en lien, en Terre sainte avec des chr\u00e9tiens des diverses Eglises et avec des juifs confessant\u00a0<em>Yeshoua<\/em>(J\u00e9sus en h\u00e9breu) comme leur Messie.<\/p>\n\n\n\n<p>Chacun est encourag\u00e9 \u00e0 aimer sa propre \u00c9glise et \u00e0 y rester \u2013 tout en d\u00e9couvrant et en aimant les richesses des autres familles spirituelles.&nbsp;<\/p>\n\n\n\n<p>La Communion de pri\u00e8re pour l\u2019unit\u00e9 a \u00e9t\u00e9 le moteur spirituel et le point de d\u00e9part des \u00ab&nbsp;<a href=\"https:\/\/www.communion-unite.org\/en\/montees-de-jerusalem-qui-sont-elles\/\">Mont\u00e9es de J\u00e9rusalem&nbsp;<\/a>\u00bb, qui ont cess\u00e9 leurs activit\u00e9s en 2024 apr\u00e8s 40 ans d\u2019existence. Le livret \u00ab&nbsp;<a href=\"https:\/\/www.communion-unite.org\/wp-content\/uploads\/2025\/11\/communion-de-priere-pour-lunite-.pdf\">Communion de pri\u00e8re pour l\u2019unit\u00e9&nbsp;\u00bb<\/a>&nbsp;publi\u00e9 en 1988 dit l\u2019esprit de cette initiative.&nbsp;<\/p>\n\n\n\n<p>La Communion est&nbsp;<a href=\"https:\/\/www.communion-unite.org\/en\/liens\/\">en lien avec divers mouvements<\/a>. Elle continue aussi \u00e0 \u00eatre en lien avec des fr\u00e8res et s\u0153urs en Terre sainte, qu\u2019ils soient d\u2019identit\u00e9 juive, arabe ou autre, et \u00e0 prier avec eux pour que l\u2019Esprit Saint renouvelle dans tous les c\u0153urs le miracle de la Pentec\u00f4te&nbsp;:<\/p>\n\n\n\n<blockquote class=\"wp-block-quote is-layout-flow wp-block-quote-is-layout-flow\">\n<p><em>Que le P\u00e8re rassemble dans l\u2019amour autour de son Fils, en un seul Corps spirituel, tous ses enfants dispers\u00e9s, avec leurs richesses respectives, et qu\u2019Il leur donne de se comprendre dans la diversit\u00e9 de leurs traditions et sensibilit\u00e9s, pour annoncer ensemble les merveilles de Dieu&nbsp;! (Voir Jean 11,52&nbsp;; 17,21-22&nbsp;; Actes 2,7-11)<\/em><\/p>\n<\/blockquote>","protected":false},"excerpt":{"rendered":"<p>Les \u00ab&nbsp;Mont\u00e9es de J\u00e9rusalem&nbsp;\u00bb ont rassembl\u00e9 depuis 1984 des croyants catholiques, \u00e9vang\u00e9liques, protestants, orthodoxes ou d\u2019autres appartenances, d\u2019Europe et d\u2019ailleurs, pour \u00eatre envoy\u00e9s par leurs paroisses, communaut\u00e9s, groupes de pri\u00e8re, \u2026 rencontrer leurs fr\u00e8res et s\u0153urs d\u2019Isra\u00ebl et des Territoires Palestiniens. Les premi\u00e8res Mont\u00e9es ont eu lieu \u00e0 la Pentec\u00f4te 1984,&nbsp;sous l\u2019impulsion du pasteur Thomas [&hellip;]<\/p>\n","protected":false},"author":1,"featured_media":0,"parent":0,"menu_order":0,"comment_status":"open","ping_status":"closed","template":"","meta":{"footnotes":""},"class_list":["post-25","page","type-page","status-publish","hentry"],"yoast_head":"<!-- This site is optimized with the Yoast SEO plugin v27.4 - https:\/\/yoast.com\/product\/yoast-seo-wordpress\/ -->\n<title>Que sont les Mont\u00e9es de J\u00e9rusalem? - Communion de Pri\u00e8re pour l&#039;Unit\u00e9<\/title>\n<meta name=\"robots\" content=\"index, follow, max-snippet:-1, max-image-preview:large, max-video-preview:-1\" \/>\n<link rel=\"canonical\" href=\"https:\/\/www.communion-unite.org\/en\/montees-de-jerusalem-qui-sont-elles\/\" \/>\n<meta property=\"og:locale\" content=\"en_GB\" \/>\n<meta property=\"og:type\" content=\"article\" \/>\n<meta property=\"og:title\" content=\"Que sont les Mont\u00e9es de J\u00e9rusalem? - Communion de Pri\u00e8re pour l&#039;Unit\u00e9\" \/>\n<meta property=\"og:description\" content=\"Les \u00ab&nbsp;Mont\u00e9es de J\u00e9rusalem&nbsp;\u00bb ont rassembl\u00e9 depuis 1984 des croyants catholiques, \u00e9vang\u00e9liques, protestants, orthodoxes ou d\u2019autres appartenances, d\u2019Europe et d\u2019ailleurs, pour \u00eatre envoy\u00e9s par leurs paroisses, communaut\u00e9s, groupes de pri\u00e8re, \u2026 rencontrer leurs fr\u00e8res et s\u0153urs d\u2019Isra\u00ebl et des Territoires Palestiniens. Les premi\u00e8res Mont\u00e9es ont eu lieu \u00e0 la Pentec\u00f4te 1984,&nbsp;sous l\u2019impulsion du pasteur Thomas [&hellip;]\" \/>\n<meta property=\"og:url\" content=\"https:\/\/www.communion-unite.org\/en\/montees-de-jerusalem-qui-sont-elles\/\" \/>\n<meta property=\"og:site_name\" content=\"Communion de Pri\u00e8re pour l&#039;Unit\u00e9\" \/>\n<meta property=\"article:modified_time\" content=\"2025-12-14T22:37:59+00:00\" \/>\n<meta property=\"og:image\" content=\"https:\/\/www.communion-unite.org\/wp-content\/uploads\/2025\/11\/Image-Montees-Jerusalem-scaled.jpg\" \/>\n\t<meta property=\"og:image:width\" content=\"2560\" \/>\n\t<meta property=\"og:image:height\" content=\"905\" \/>\n\t<meta property=\"og:image:type\" content=\"image\/jpeg\" \/>\n<meta name=\"twitter:card\" content=\"summary_large_image\" \/>\n<meta name=\"twitter:label1\" content=\"Estimated reading time\" \/>\n\t<meta name=\"twitter:data1\" content=\"3 minutes\" \/>\n<script type=\"application\/ld+json\" class=\"yoast-schema-graph\">{\"@context\":\"https:\\\/\\\/schema.org\",\"@graph\":[{\"@type\":\"WebPage\",\"@id\":\"https:\\\/\\\/www.communion-unite.org\\\/montees-de-jerusalem-qui-sont-elles\\\/\",\"url\":\"https:\\\/\\\/www.communion-unite.org\\\/montees-de-jerusalem-qui-sont-elles\\\/\",\"name\":\"Que sont les Mont\u00e9es de J\u00e9rusalem? - Communion de Pri\u00e8re pour l&#039;Unit\u00e9\",\"isPartOf\":{\"@id\":\"https:\\\/\\\/www.communion-unite.org\\\/#website\"},\"primaryImageOfPage\":{\"@id\":\"https:\\\/\\\/www.communion-unite.org\\\/montees-de-jerusalem-qui-sont-elles\\\/#primaryimage\"},\"image\":{\"@id\":\"https:\\\/\\\/www.communion-unite.org\\\/montees-de-jerusalem-qui-sont-elles\\\/#primaryimage\"},\"thumbnailUrl\":\"https:\\\/\\\/www.communion-unite.org\\\/wp-content\\\/uploads\\\/2025\\\/11\\\/Image-Montees-Jerusalem-1024x362.jpg\",\"datePublished\":\"2025-10-13T16:17:36+00:00\",\"dateModified\":\"2025-12-14T22:37:59+00:00\",\"breadcrumb\":{\"@id\":\"https:\\\/\\\/www.communion-unite.org\\\/montees-de-jerusalem-qui-sont-elles\\\/#breadcrumb\"},\"inLanguage\":\"en-GB\",\"potentialAction\":[{\"@type\":\"ReadAction\",\"target\":[\"https:\\\/\\\/www.communion-unite.org\\\/montees-de-jerusalem-qui-sont-elles\\\/\"]}]},{\"@type\":\"ImageObject\",\"inLanguage\":\"en-GB\",\"@id\":\"https:\\\/\\\/www.communion-unite.org\\\/montees-de-jerusalem-qui-sont-elles\\\/#primaryimage\",\"url\":\"https:\\\/\\\/www.communion-unite.org\\\/wp-content\\\/uploads\\\/2025\\\/11\\\/Image-Montees-Jerusalem-1024x362.jpg\",\"contentUrl\":\"https:\\\/\\\/www.communion-unite.org\\\/wp-content\\\/uploads\\\/2025\\\/11\\\/Image-Montees-Jerusalem-1024x362.jpg\"},{\"@type\":\"BreadcrumbList\",\"@id\":\"https:\\\/\\\/www.communion-unite.org\\\/montees-de-jerusalem-qui-sont-elles\\\/#breadcrumb\",\"itemListElement\":[{\"@type\":\"ListItem\",\"position\":1,\"name\":\"Accueil\",\"item\":\"https:\\\/\\\/www.communion-unite.org\\\/\"},{\"@type\":\"ListItem\",\"position\":2,\"name\":\"Que sont les Mont\u00e9es de J\u00e9rusalem?\"}]},{\"@type\":\"WebSite\",\"@id\":\"https:\\\/\\\/www.communion-unite.org\\\/#website\",\"url\":\"https:\\\/\\\/www.communion-unite.org\\\/\",\"name\":\"Communion de Pri\u00e8re pour l'Unit\u00e9\",\"description\":\"\",\"publisher\":{\"@id\":\"https:\\\/\\\/www.communion-unite.org\\\/#organization\"},\"potentialAction\":[{\"@type\":\"SearchAction\",\"target\":{\"@type\":\"EntryPoint\",\"urlTemplate\":\"https:\\\/\\\/www.communion-unite.org\\\/?s={search_term_string}\"},\"query-input\":{\"@type\":\"PropertyValueSpecification\",\"valueRequired\":true,\"valueName\":\"search_term_string\"}}],\"inLanguage\":\"en-GB\"},{\"@type\":\"Organization\",\"@id\":\"https:\\\/\\\/www.communion-unite.org\\\/#organization\",\"name\":\"Communion de Pri\u00e8re pour l'Unit\u00e9\",\"url\":\"https:\\\/\\\/www.communion-unite.org\\\/\",\"logo\":{\"@type\":\"ImageObject\",\"inLanguage\":\"en-GB\",\"@id\":\"https:\\\/\\\/www.communion-unite.org\\\/#\\\/schema\\\/logo\\\/image\\\/\",\"url\":\"https:\\\/\\\/www.communion-unite.org\\\/wp-content\\\/uploads\\\/2025\\\/10\\\/logo-mdj-centered.png\",\"contentUrl\":\"https:\\\/\\\/www.communion-unite.org\\\/wp-content\\\/uploads\\\/2025\\\/10\\\/logo-mdj-centered.png\",\"width\":339,\"height\":339,\"caption\":\"Communion de Pri\u00e8re pour l'Unit\u00e9\"},\"image\":{\"@id\":\"https:\\\/\\\/www.communion-unite.org\\\/#\\\/schema\\\/logo\\\/image\\\/\"}}]}<\/script>\n<!-- \/ Yoast SEO plugin. -->","yoast_head_json":{"title":"Que sont les Mont\u00e9es de J\u00e9rusalem? - Communion de Pri\u00e8re pour l&#039;Unit\u00e9","robots":{"index":"index","follow":"follow","max-snippet":"max-snippet:-1","max-image-preview":"max-image-preview:large","max-video-preview":"max-video-preview:-1"},"canonical":"https:\/\/www.communion-unite.org\/en\/montees-de-jerusalem-qui-sont-elles\/","og_locale":"en_GB","og_type":"article","og_title":"Que sont les Mont\u00e9es de J\u00e9rusalem? - Communion de Pri\u00e8re pour l&#039;Unit\u00e9","og_description":"Les \u00ab&nbsp;Mont\u00e9es de J\u00e9rusalem&nbsp;\u00bb ont rassembl\u00e9 depuis 1984 des croyants catholiques, \u00e9vang\u00e9liques, protestants, orthodoxes ou d\u2019autres appartenances, d\u2019Europe et d\u2019ailleurs, pour \u00eatre envoy\u00e9s par leurs paroisses, communaut\u00e9s, groupes de pri\u00e8re, \u2026 rencontrer leurs fr\u00e8res et s\u0153urs d\u2019Isra\u00ebl et des Territoires Palestiniens. Les premi\u00e8res Mont\u00e9es ont eu lieu \u00e0 la Pentec\u00f4te 1984,&nbsp;sous l\u2019impulsion du pasteur Thomas [&hellip;]","og_url":"https:\/\/www.communion-unite.org\/en\/montees-de-jerusalem-qui-sont-elles\/","og_site_name":"Communion de Pri\u00e8re pour l&#039;Unit\u00e9","article_modified_time":"2025-12-14T22:37:59+00:00","og_image":[{"width":2560,"height":905,"url":"https:\/\/www.communion-unite.org\/wp-content\/uploads\/2025\/11\/Image-Montees-Jerusalem-scaled.jpg","type":"image\/jpeg"}],"twitter_card":"summary_large_image","twitter_misc":{"Estimated reading time":"3 minutes"},"schema":{"@context":"https:\/\/schema.org","@graph":[{"@type":"WebPage","@id":"https:\/\/www.communion-unite.org\/montees-de-jerusalem-qui-sont-elles\/","url":"https:\/\/www.communion-unite.org\/montees-de-jerusalem-qui-sont-elles\/","name":"Que sont les Mont\u00e9es de J\u00e9rusalem? - Communion de Pri\u00e8re pour l&#039;Unit\u00e9","isPartOf":{"@id":"https:\/\/www.communion-unite.org\/#website"},"primaryImageOfPage":{"@id":"https:\/\/www.communion-unite.org\/montees-de-jerusalem-qui-sont-elles\/#primaryimage"},"image":{"@id":"https:\/\/www.communion-unite.org\/montees-de-jerusalem-qui-sont-elles\/#primaryimage"},"thumbnailUrl":"https:\/\/www.communion-unite.org\/wp-content\/uploads\/2025\/11\/Image-Montees-Jerusalem-1024x362.jpg","datePublished":"2025-10-13T16:17:36+00:00","dateModified":"2025-12-14T22:37:59+00:00","breadcrumb":{"@id":"https:\/\/www.communion-unite.org\/montees-de-jerusalem-qui-sont-elles\/#breadcrumb"},"inLanguage":"en-GB","potentialAction":[{"@type":"ReadAction","target":["https:\/\/www.communion-unite.org\/montees-de-jerusalem-qui-sont-elles\/"]}]},{"@type":"ImageObject","inLanguage":"en-GB","@id":"https:\/\/www.communion-unite.org\/montees-de-jerusalem-qui-sont-elles\/#primaryimage","url":"https:\/\/www.communion-unite.org\/wp-content\/uploads\/2025\/11\/Image-Montees-Jerusalem-1024x362.jpg","contentUrl":"https:\/\/www.communion-unite.org\/wp-content\/uploads\/2025\/11\/Image-Montees-Jerusalem-1024x362.jpg"},{"@type":"BreadcrumbList","@id":"https:\/\/www.communion-unite.org\/montees-de-jerusalem-qui-sont-elles\/#breadcrumb","itemListElement":[{"@type":"ListItem","position":1,"name":"Accueil","item":"https:\/\/www.communion-unite.org\/"},{"@type":"ListItem","position":2,"name":"Que sont les Mont\u00e9es de J\u00e9rusalem?"}]},{"@type":"WebSite","@id":"https:\/\/www.communion-unite.org\/#website","url":"https:\/\/www.communion-unite.org\/","name":"Communion de Pri\u00e8re pour l'Unit\u00e9","description":"","publisher":{"@id":"https:\/\/www.communion-unite.org\/#organization"},"potentialAction":[{"@type":"SearchAction","target":{"@type":"EntryPoint","urlTemplate":"https:\/\/www.communion-unite.org\/?s={search_term_string}"},"query-input":{"@type":"PropertyValueSpecification","valueRequired":true,"valueName":"search_term_string"}}],"inLanguage":"en-GB"},{"@type":"Organization","@id":"https:\/\/www.communion-unite.org\/#organization","name":"Communion de Pri\u00e8re pour l'Unit\u00e9","url":"https:\/\/www.communion-unite.org\/","logo":{"@type":"ImageObject","inLanguage":"en-GB","@id":"https:\/\/www.communion-unite.org\/#\/schema\/logo\/image\/","url":"https:\/\/www.communion-unite.org\/wp-content\/uploads\/2025\/10\/logo-mdj-centered.png","contentUrl":"https:\/\/www.communion-unite.org\/wp-content\/uploads\/2025\/10\/logo-mdj-centered.png","width":339,"height":339,"caption":"Communion de Pri\u00e8re pour l'Unit\u00e9"},"image":{"@id":"https:\/\/www.communion-unite.org\/#\/schema\/logo\/image\/"}}]}},"_links":{"self":[{"href":"https:\/\/www.communion-unite.org\/en\/wp-json\/wp\/v2\/pages\/25","targetHints":{"allow":["GET"]}}],"collection":[{"href":"https:\/\/www.communion-unite.org\/en\/wp-json\/wp\/v2\/pages"}],"about":[{"href":"https:\/\/www.communion-unite.org\/en\/wp-json\/wp\/v2\/types\/page"}],"author":[{"embeddable":true,"href":"https:\/\/www.communion-unite.org\/en\/wp-json\/wp\/v2\/users\/1"}],"replies":[{"embeddable":true,"href":"https:\/\/www.communion-unite.org\/en\/wp-json\/wp\/v2\/comments?post=25"}],"version-history":[{"count":19,"href":"https:\/\/www.communion-unite.org\/en\/wp-json\/wp\/v2\/pages\/25\/revisions"}],"predecessor-version":[{"id":504,"href":"https:\/\/www.communion-unite.org\/en\/wp-json\/wp\/v2\/pages\/25\/revisions\/504"}],"wp:attachment":[{"href":"https:\/\/www.communion-unite.org\/en\/wp-json\/wp\/v2\/media?parent=25"}],"curies":[{"name":"wp","href":"https:\/\/api.w.org\/{rel}","templated":true}]}}