{"id":23,"date":"2025-10-13T18:16:46","date_gmt":"2025-10-13T16:16:46","guid":{"rendered":"https:\/\/www.communion-unite.org\/?page_id=23"},"modified":"2025-11-08T08:40:52","modified_gmt":"2025-11-08T07:40:52","slug":"documents","status":"publish","type":"page","link":"https:\/\/www.communion-unite.org\/en\/documents\/","title":{"rendered":"Documents"},"content":{"rendered":"<p><span style=\"text-decoration: underline;\"><strong><a href=\"https:\/\/www.communion-unite.org\/wp-content\/uploads\/2025\/10\/livret-chants-montee-juin-2015-81906.pdf\" data-type=\"attachment\" data-id=\"95\">Livret de chants<\/a><\/strong><\/span><\/p>\n\n\n\n<p>Ce livret rassemble plus de cent chants en fran\u00e7ais de louange, d\u2019intercession et d\u2019unit\u00e9, chant\u00e9s lors des Mont\u00e9es \u00e0 J\u00e9rusalem et dans la Communion de pri\u00e8re pour l\u2019unit\u00e9. Il exprime la foi au P\u00e8re, au Christ et \u00e0 l\u2019Esprit Saint. <\/p>\n\n\n\n<p>Le deuxi\u00e8me livret a des chants en fran\u00e7ais, anglais, h\u00e9breu et arabe.<\/p>\n\n\n\n<p><strong><span style=\"text-decoration: underline;\"><a href=\"https:\/\/www.communion-unite.org\/wp-content\/uploads\/2025\/11\/communion-de-priere-pour-lunite-.pdf\">Le livre de \u00ab&nbsp;La communion de pri\u00e8re pour l\u2019unit\u00e9&nbsp;\u00bb<\/a><\/span><\/strong><\/p>\n\n\n\n<p>Ce livret propose une communion de pri\u00e8re interconfessionnelle, centr\u00e9e sur Jean 17,21, pour recevoir de Dieu l\u2019unit\u00e9 visible de l\u2019\u00c9glise. Par repentance, r\u00e9conciliation et solidarit\u00e9 envers le peuple juif et toutes les \u00c9glises, il encourage des rencontres \u00e0 Pentec\u00f4te et des \u201cmont\u00e9es\u201d \u00e0 J\u00e9rusalem, signe d\u2019esp\u00e9rance et d\u2019envoi missionnaire.<\/p>\n\n\n\n<p><strong><span style=\"text-decoration: underline;\"><a data-type=\"attachment\" data-id=\"92\" href=\"https:\/\/www.communion-unite.org\/wp-content\/uploads\/2025\/10\/20120229-seelisberg-12-points-de-be-62487.pdf\">Les 10 points de Seelisberg et les 12 points de Berlin<\/a><\/span><\/strong><br>Les \u00ab Dix points de Seelisberg \u00bb (1947) ont pos\u00e9 les bases d\u2019un nouveau dialogue jud\u00e9o-chr\u00e9tien apr\u00e8s la Shoah, fond\u00e9 sur le respect et la repentance. Les \u00ab Douze points de Berlin \u00bb (2009) prolongent cet esprit en approfondissant la compr\u00e9hension mutuelle et l\u2019engagement commun pour la justice, la paix et la dignit\u00e9 humaine.<\/p>\n\n\n\n<p><strong><span style=\"text-decoration: underline;\"><a data-type=\"attachment\" data-id=\"93\" href=\"https:\/\/www.communion-unite.org\/wp-content\/uploads\/2025\/10\/20151203-declaration-grands-rabbins-86945.pdf\">D\u00e9claration de grands rabbins sur les  relations Juifs-Chr\u00e9tiens<\/a><\/span><\/strong><br>\u00ab\u00a0Faire la volont\u00e9 de Notre P\u00e8re des cieux : vers un partenariat entre juifs et chr\u00e9tiens. D\u00e9claration sign\u00e9e par les plus grands rabbins orthodoxes d\u2019Isra\u00ebl, d\u2019Europe et des \u00c9tats-Unis, concernant les relations entre le juda\u00efsme et le christianisme.\u00a0\u00bb (3 d\u00e9cembre 2015)<\/p>\n\n\n\n<p><strong><span style=\"text-decoration: underline;\"><a data-type=\"attachment\" data-id=\"96\" href=\"https:\/\/www.communion-unite.org\/wp-content\/uploads\/2025\/10\/nostraaetate-60732.pdf\">Nostra Aetate<\/a><\/span><\/strong><br>La D\u00e9claration&nbsp;<em>Nostra Aetate<\/em>&nbsp;du Concile Vatican II (1965) appelle \u00e0 la compr\u00e9hension et au respect entre les religions. Concernant le juda\u00efsme, elle rejette toute accusation collective contre les Juifs pour la mort du Christ, condamne l\u2019antis\u00e9mitisme et souligne les racines communes entre chr\u00e9tiens et juifs, invitant au dialogue et \u00e0 une fraternit\u00e9 renouvel\u00e9e.<\/p>\n\n\n\n<p><span style=\"text-decoration: underline;\"><strong><a href=\"https:\/\/lausanne.org\/statement\/larnaca-statement\">D\u00e9claration de Larnaca<\/a><\/strong><\/span><\/p>\n\n\n\n<p>Trente Juifs messianiques et chr\u00e9tiens palestiniens se sont r\u00e9unis \u00e0 Larnaca en 2016 pour prier, \u00e9tudier et affirmer leur unit\u00e9 en Christ. Leur d\u00e9claration appelle \u00e0 vivre cette unit\u00e9 au c\u0153ur du conflit, \u00e0 poursuivre le dialogue th\u00e9ologique et \u00e0 poser des actes concrets d\u2019esp\u00e9rance pour les g\u00e9n\u00e9rations futures.<\/p>\n\n\n\n<p><a href=\"https:\/\/www.christianunity.va\/content\/unitacristiani\/fr\/commissione-per-i-rapporti-religiosi-con-l-ebraismo\/commissione-per-i-rapporti-religiosi-con-l-ebraismo-crre\/documenti-della-commissione\/fr.html\">L<\/a><strong><a href=\"https:\/\/www.christianunity.va\/content\/unitacristiani\/fr\/commissione-per-i-rapporti-religiosi-con-l-ebraismo\/commissione-per-i-rapporti-religiosi-con-l-ebraismo-crre\/documenti-della-commissione\/fr.html\">es dons et l&rsquo;appel de Dieu sont irr\u00e9vocables<\/a> <\/strong><\/p>\n\n\n\n<p>Document de la Commission pour les relations religieuses avec le Juda\u00efsme, marquant les 50 ans de Nostra Aetate. Il retrace les avanc\u00e9es du dialogue catholiques-juifs, clarifie des questions th\u00e9ologiques cl\u00e9s (Alliance, salut en Christ, irr\u00e9vocabilit\u00e9), encourage coop\u00e9ration et m\u00e9moire de la Shoah.<\/p>\n\n\n\n<p><a href=\"https:\/\/www.communion-unite.org\/wp-content\/uploads\/2025\/11\/DECLARATION-DHELSINKI.pdf\"><strong>La D\u00e9claration d&rsquo;Helsinki sur la continuit\u00e9 juive dans le corps du Messie&nbsp;<\/strong><\/a><\/p>\n\n\n\n<p>La D\u00e9claration d\u2019Helsinki (2010) r\u00e9unit des Juifs croyant en J\u00e9sus issus de diverses confessions. Elle affirme la vocation particuli\u00e8re des Juifs dans le corps du Christ, lien vivant entre l\u2019\u00c9glise et Isra\u00ebl, appelant au dialogue, \u00e0 la b\u00e9n\u00e9diction r\u00e9ciproque et \u00e0 la reconnaissance de la continuit\u00e9 juive au sein de l\u2019\u00c9glise.<\/p>\n\n\n\n<p><strong><a href=\"https:\/\/www.communion-unite.org\/wp-content\/uploads\/2025\/11\/TJCII-Flyer-2025-_FRANZ.pdf\">La vision et les \u00ab\u00a0Sept oui\u00a0\u00bb de \u00ab\u00a0Vers un deuxi\u00e8me Concile de J\u00e9rusalem\u00a0\u00bb<\/a>  <\/strong>(TJCII)<\/p>\n\n\n\n<p>TJCII appelle \u00e0 un \u00ab deuxi\u00e8me Concile de J\u00e9rusalem \u00bb pour r\u00e9concilier croyants juifs et chr\u00e9tiens des nations. Ses \u00ab\u00a0Sept Oui\u00a0\u00bb rejettent la th\u00e9ologie de substitution,  affirment l\u2019\u00e9lection irr\u00e9vocable d\u2019Isra\u00ebl, soutiennent les communaut\u00e9s messianiques et promeuvent pri\u00e8re, repentance et unit\u00e9 dans la diversit\u00e9, selon la vision biblique de \u00ab\u00a0l\u2019Homme Nouveau\u00a0\u00bb (\u00c9ph\u00e9siens 2).<\/p>\n\n\n\n<p><strong><a href=\"https:\/\/www.communion-unite.org\/wp-content\/uploads\/2025\/11\/Lunion_de_priere_de_Charmes_sur_Rhone_et-1.pdf\">L&rsquo;Union de pri\u00e8re de Charmes et le peuple juif<\/a><\/strong><\/p>\n\n\n\n<p>Fond\u00e9e en 1946 par le pasteur Louis Dalli\u00e8re, cet article de David Bouillon montre que l\u2019Union de pri\u00e8re de Charmes-sur-Rh\u00f4ne place le peuple juif au c\u0153ur de son intercession. Refusant la th\u00e9ologie de la substitution, elle affirme la vocation proph\u00e9tique d\u2019Isra\u00ebl dans l\u2019histoire du salut. Le <a href=\"https:\/\/uniondepriere.fr\/charte\">chapitre 2 de sa charte<\/a> traite de sa relation avec le peuple juif. <\/p>","protected":false},"excerpt":{"rendered":"<p>Livret de chants Ce livret rassemble plus de cent chants en fran\u00e7ais de louange, d\u2019intercession et d\u2019unit\u00e9, chant\u00e9s lors des Mont\u00e9es \u00e0 J\u00e9rusalem et dans la Communion de pri\u00e8re pour l\u2019unit\u00e9. Il exprime la foi au P\u00e8re, au Christ et \u00e0 l\u2019Esprit Saint. Le deuxi\u00e8me livret a des chants en fran\u00e7ais, anglais, h\u00e9breu et arabe. [&hellip;]<\/p>\n","protected":false},"author":1,"featured_media":0,"parent":0,"menu_order":0,"comment_status":"closed","ping_status":"closed","template":"","meta":{"footnotes":""},"class_list":["post-23","page","type-page","status-publish","hentry"],"yoast_head":"<!-- This site is optimized with the Yoast SEO plugin v27.4 - https:\/\/yoast.com\/product\/yoast-seo-wordpress\/ -->\n<title>Documents - Communion de Pri\u00e8re pour l&#039;Unit\u00e9<\/title>\n<meta name=\"robots\" content=\"index, follow, max-snippet:-1, max-image-preview:large, max-video-preview:-1\" \/>\n<link rel=\"canonical\" href=\"https:\/\/www.communion-unite.org\/en\/documents\/\" \/>\n<meta property=\"og:locale\" content=\"en_GB\" \/>\n<meta property=\"og:type\" content=\"article\" \/>\n<meta property=\"og:title\" content=\"Documents - Communion de Pri\u00e8re pour l&#039;Unit\u00e9\" \/>\n<meta property=\"og:description\" content=\"Livret de chants Ce livret rassemble plus de cent chants en fran\u00e7ais de louange, d\u2019intercession et d\u2019unit\u00e9, chant\u00e9s lors des Mont\u00e9es \u00e0 J\u00e9rusalem et dans la Communion de pri\u00e8re pour l\u2019unit\u00e9. Il exprime la foi au P\u00e8re, au Christ et \u00e0 l\u2019Esprit Saint. Le deuxi\u00e8me livret a des chants en fran\u00e7ais, anglais, h\u00e9breu et arabe. [&hellip;]\" \/>\n<meta property=\"og:url\" content=\"https:\/\/www.communion-unite.org\/en\/documents\/\" \/>\n<meta property=\"og:site_name\" content=\"Communion de Pri\u00e8re pour l&#039;Unit\u00e9\" \/>\n<meta property=\"article:modified_time\" content=\"2025-11-08T07:40:52+00:00\" \/>\n<meta name=\"twitter:card\" content=\"summary_large_image\" \/>\n<meta name=\"twitter:label1\" content=\"Estimated reading time\" \/>\n\t<meta name=\"twitter:data1\" content=\"3 minutes\" \/>\n<script type=\"application\/ld+json\" class=\"yoast-schema-graph\">{\"@context\":\"https:\\\/\\\/schema.org\",\"@graph\":[{\"@type\":\"WebPage\",\"@id\":\"https:\\\/\\\/www.communion-unite.org\\\/documents\\\/\",\"url\":\"https:\\\/\\\/www.communion-unite.org\\\/documents\\\/\",\"name\":\"Documents - Communion de Pri\u00e8re pour l&#039;Unit\u00e9\",\"isPartOf\":{\"@id\":\"https:\\\/\\\/www.communion-unite.org\\\/#website\"},\"datePublished\":\"2025-10-13T16:16:46+00:00\",\"dateModified\":\"2025-11-08T07:40:52+00:00\",\"breadcrumb\":{\"@id\":\"https:\\\/\\\/www.communion-unite.org\\\/documents\\\/#breadcrumb\"},\"inLanguage\":\"en-GB\",\"potentialAction\":[{\"@type\":\"ReadAction\",\"target\":[\"https:\\\/\\\/www.communion-unite.org\\\/documents\\\/\"]}]},{\"@type\":\"BreadcrumbList\",\"@id\":\"https:\\\/\\\/www.communion-unite.org\\\/documents\\\/#breadcrumb\",\"itemListElement\":[{\"@type\":\"ListItem\",\"position\":1,\"name\":\"Accueil\",\"item\":\"https:\\\/\\\/www.communion-unite.org\\\/\"},{\"@type\":\"ListItem\",\"position\":2,\"name\":\"Documents\"}]},{\"@type\":\"WebSite\",\"@id\":\"https:\\\/\\\/www.communion-unite.org\\\/#website\",\"url\":\"https:\\\/\\\/www.communion-unite.org\\\/\",\"name\":\"Communion de Pri\u00e8re pour l'Unit\u00e9\",\"description\":\"\",\"publisher\":{\"@id\":\"https:\\\/\\\/www.communion-unite.org\\\/#organization\"},\"potentialAction\":[{\"@type\":\"SearchAction\",\"target\":{\"@type\":\"EntryPoint\",\"urlTemplate\":\"https:\\\/\\\/www.communion-unite.org\\\/?s={search_term_string}\"},\"query-input\":{\"@type\":\"PropertyValueSpecification\",\"valueRequired\":true,\"valueName\":\"search_term_string\"}}],\"inLanguage\":\"en-GB\"},{\"@type\":\"Organization\",\"@id\":\"https:\\\/\\\/www.communion-unite.org\\\/#organization\",\"name\":\"Communion de Pri\u00e8re pour l'Unit\u00e9\",\"url\":\"https:\\\/\\\/www.communion-unite.org\\\/\",\"logo\":{\"@type\":\"ImageObject\",\"inLanguage\":\"en-GB\",\"@id\":\"https:\\\/\\\/www.communion-unite.org\\\/#\\\/schema\\\/logo\\\/image\\\/\",\"url\":\"https:\\\/\\\/www.communion-unite.org\\\/wp-content\\\/uploads\\\/2025\\\/10\\\/logo-mdj-centered.png\",\"contentUrl\":\"https:\\\/\\\/www.communion-unite.org\\\/wp-content\\\/uploads\\\/2025\\\/10\\\/logo-mdj-centered.png\",\"width\":339,\"height\":339,\"caption\":\"Communion de Pri\u00e8re pour l'Unit\u00e9\"},\"image\":{\"@id\":\"https:\\\/\\\/www.communion-unite.org\\\/#\\\/schema\\\/logo\\\/image\\\/\"}}]}<\/script>\n<!-- \/ Yoast SEO plugin. -->","yoast_head_json":{"title":"Documents - Communion de Pri\u00e8re pour l&#039;Unit\u00e9","robots":{"index":"index","follow":"follow","max-snippet":"max-snippet:-1","max-image-preview":"max-image-preview:large","max-video-preview":"max-video-preview:-1"},"canonical":"https:\/\/www.communion-unite.org\/en\/documents\/","og_locale":"en_GB","og_type":"article","og_title":"Documents - Communion de Pri\u00e8re pour l&#039;Unit\u00e9","og_description":"Livret de chants Ce livret rassemble plus de cent chants en fran\u00e7ais de louange, d\u2019intercession et d\u2019unit\u00e9, chant\u00e9s lors des Mont\u00e9es \u00e0 J\u00e9rusalem et dans la Communion de pri\u00e8re pour l\u2019unit\u00e9. Il exprime la foi au P\u00e8re, au Christ et \u00e0 l\u2019Esprit Saint. Le deuxi\u00e8me livret a des chants en fran\u00e7ais, anglais, h\u00e9breu et arabe. [&hellip;]","og_url":"https:\/\/www.communion-unite.org\/en\/documents\/","og_site_name":"Communion de Pri\u00e8re pour l&#039;Unit\u00e9","article_modified_time":"2025-11-08T07:40:52+00:00","twitter_card":"summary_large_image","twitter_misc":{"Estimated reading time":"3 minutes"},"schema":{"@context":"https:\/\/schema.org","@graph":[{"@type":"WebPage","@id":"https:\/\/www.communion-unite.org\/documents\/","url":"https:\/\/www.communion-unite.org\/documents\/","name":"Documents - Communion de Pri\u00e8re pour l&#039;Unit\u00e9","isPartOf":{"@id":"https:\/\/www.communion-unite.org\/#website"},"datePublished":"2025-10-13T16:16:46+00:00","dateModified":"2025-11-08T07:40:52+00:00","breadcrumb":{"@id":"https:\/\/www.communion-unite.org\/documents\/#breadcrumb"},"inLanguage":"en-GB","potentialAction":[{"@type":"ReadAction","target":["https:\/\/www.communion-unite.org\/documents\/"]}]},{"@type":"BreadcrumbList","@id":"https:\/\/www.communion-unite.org\/documents\/#breadcrumb","itemListElement":[{"@type":"ListItem","position":1,"name":"Accueil","item":"https:\/\/www.communion-unite.org\/"},{"@type":"ListItem","position":2,"name":"Documents"}]},{"@type":"WebSite","@id":"https:\/\/www.communion-unite.org\/#website","url":"https:\/\/www.communion-unite.org\/","name":"Communion de Pri\u00e8re pour l'Unit\u00e9","description":"","publisher":{"@id":"https:\/\/www.communion-unite.org\/#organization"},"potentialAction":[{"@type":"SearchAction","target":{"@type":"EntryPoint","urlTemplate":"https:\/\/www.communion-unite.org\/?s={search_term_string}"},"query-input":{"@type":"PropertyValueSpecification","valueRequired":true,"valueName":"search_term_string"}}],"inLanguage":"en-GB"},{"@type":"Organization","@id":"https:\/\/www.communion-unite.org\/#organization","name":"Communion de Pri\u00e8re pour l'Unit\u00e9","url":"https:\/\/www.communion-unite.org\/","logo":{"@type":"ImageObject","inLanguage":"en-GB","@id":"https:\/\/www.communion-unite.org\/#\/schema\/logo\/image\/","url":"https:\/\/www.communion-unite.org\/wp-content\/uploads\/2025\/10\/logo-mdj-centered.png","contentUrl":"https:\/\/www.communion-unite.org\/wp-content\/uploads\/2025\/10\/logo-mdj-centered.png","width":339,"height":339,"caption":"Communion de Pri\u00e8re pour l'Unit\u00e9"},"image":{"@id":"https:\/\/www.communion-unite.org\/#\/schema\/logo\/image\/"}}]}},"_links":{"self":[{"href":"https:\/\/www.communion-unite.org\/en\/wp-json\/wp\/v2\/pages\/23","targetHints":{"allow":["GET"]}}],"collection":[{"href":"https:\/\/www.communion-unite.org\/en\/wp-json\/wp\/v2\/pages"}],"about":[{"href":"https:\/\/www.communion-unite.org\/en\/wp-json\/wp\/v2\/types\/page"}],"author":[{"embeddable":true,"href":"https:\/\/www.communion-unite.org\/en\/wp-json\/wp\/v2\/users\/1"}],"replies":[{"embeddable":true,"href":"https:\/\/www.communion-unite.org\/en\/wp-json\/wp\/v2\/comments?post=23"}],"version-history":[{"count":20,"href":"https:\/\/www.communion-unite.org\/en\/wp-json\/wp\/v2\/pages\/23\/revisions"}],"predecessor-version":[{"id":455,"href":"https:\/\/www.communion-unite.org\/en\/wp-json\/wp\/v2\/pages\/23\/revisions\/455"}],"wp:attachment":[{"href":"https:\/\/www.communion-unite.org\/en\/wp-json\/wp\/v2\/media?parent=23"}],"curies":[{"name":"wp","href":"https:\/\/api.w.org\/{rel}","templated":true}]}}